{"id":885,"date":"2020-09-18T10:51:45","date_gmt":"2020-09-18T10:51:45","guid":{"rendered":"http:\/\/child3.ki.se\/wordpress\/?page_id=885"},"modified":"2025-10-21T12:09:19","modified_gmt":"2025-10-21T10:09:19","slug":"tillganglighetsredogorelse","status":"publish","type":"page","link":"https:\/\/sbcr.se\/index.php\/om-sbcr\/tillganglighetsredogorelse\/","title":{"rendered":"Tillg\u00e4nglighetsredog\u00f6relse \ufeff"},"content":{"rendered":"<button id=\"listenButton1\" class=\"responsivevoice-button\" type=\"button\" value=\"Play\" title=\"ResponsiveVoice Tap to Start\/Stop Speech\"><span>&#128266; Lyssna<\/span><\/button>\n        <script>\n            listenButton1.onclick = function(){\n                if(responsiveVoice.isPlaying()){\n                    responsiveVoice.cancel();\n                }else{\n                    responsiveVoice.speak(\"Om hemsidan sbcr.se Svenska Barncancerregistret (SBCR) bedriver denna hemsida. Syftet med hemsidan \u00e4r att ge tydlig information om \u00e5tkomst \u00e5t olika v\u00e5rdgrupper och forskare inom barncancer f\u00f6r att f\u00f6rb\u00e4ttra behandlingsresultat och datakvalitet. I detta dokument presenteras vilka m\u00f6jliga brister hemsidan har g\u00e4llande tillg\u00e4nglighet, hur vi planerar att \u00e5tg\u00e4rda dem samt hur en kan v\u00e4nda sig till oss ifall en uppt\u00e4cker brister. Vi p\u00e5 SBCR str\u00e4var efter att registret ska kunna anpassas s\u00e5 att hela m\u00e5lgruppen kan anv\u00e4nda och f\u00f6rst\u00e5 inneh\u00e5llet oavsett funktionsvariationer och oberoende av vilka hj\u00e4lpmedel som anv\u00e4nds. Vi b\u00f6r \u00e5tminstone uppn\u00e5 grundl\u00e4ggande tillg\u00e4nglighet genom att f\u00f6lja WCAG 2.1 p\u00e5 niv\u00e5 AA . Brister I dagsl\u00e4get \u00e4r vi medvetna om att vi inte lyckats n\u00e5 alla kriterier i WCAG (standard f\u00f6r tillg\u00e4nglighet)enligt nedan: Detaljerad text saknas p\u00e5 n\u00e5gra sidor f\u00f6r att tydligt v\u00e4gleda anv\u00e4ndare att hitta information och regler g\u00e4llande registrering och forskare att hitta r\u00e5d f\u00f6r processer g\u00e4llande datauttag. Dessa kommer att f\u00f6rb\u00e4ttras vid kommande uppdateringar. Vi f\u00e5r ibland st\u00f6rningar g\u00e4llande SSL som uppst\u00e5r med anledning av att vissa programvaror inte \u00e4r f\u00f6renliga med varandra. Detta \u00e4r planerat att \u00e5tg\u00e4rdas vid kommande uppdateringar. Det kan finnas filer i PDF-format p\u00e5 hemsidan som inte \u00e4r tillg\u00e4nglighetsanpassade. Dessa kommer att f\u00f6rb\u00e4ttras vid kommande uppdateringar. Vissa sektioner p\u00e5 hemsidan har inkonsekvent navigation fram och tillbaka. Dessa kommer att f\u00f6rb\u00e4ttras vid kommande uppdateringar. Kontakta oss Vi jobbar kontinuerligt f\u00f6r att \u00e5tg\u00e4rda brister och f\u00f6r att se till att vi ska n\u00e5 de standarder och riktlinjer som Myndigheten f\u00f6r digital f\u00f6rvaltning (DIGG) kr\u00e4ver av oss.Kontakta oss g\u00e4rna om n\u00e5gra brister utifr\u00e5n ovanst\u00e5ende punkter uppt\u00e4cks.E-post:svenska-barncancerregistret@kbh.ki.se Kontakta tillsynsmyndigheten DIGG Om du \u00e4r missn\u00f6jd med hur vi uppfyller kraven p\u00e5 tillg\u00e4nglighet kan du ta kontakt med Myndigheten f\u00f6r digital f\u00f6rvaltning (DIGG) .\", \"Swedish Female\");\n                }\n            };\n        <\/script>\n    \n\n\n\n<h2 class=\"wp-block-heading\">Om hemsidan sbcr.se<\/h2>\n\n\n\n<p><span style=\"font-size: 18px;\">Svenska Barncancerregistret (SBCR) bedriver denna hemsida. Syftet med hemsidan \u00e4r att ge tydlig information om \u00e5tkomst \u00e5t olika v\u00e5rdgrupper och forskare inom barncancer f\u00f6r att f\u00f6rb\u00e4ttra behandlingsresultat och datakvalitet.  <\/span><\/p>\n\n\n\n<p>I detta dokument presenteras vilka m\u00f6jliga brister hemsidan har g\u00e4llande tillg\u00e4nglighet, hur vi planerar att \u00e5tg\u00e4rda dem samt hur en kan v\u00e4nda sig till oss ifall en uppt\u00e4cker brister. <\/p>\n\n\n\n<p>Vi p\u00e5 SBCR str\u00e4var efter att registret ska kunna anpassas s\u00e5 att hela m\u00e5lgruppen kan anv\u00e4nda och f\u00f6rst\u00e5 inneh\u00e5llet oavsett funktionsvariationer och oberoende av vilka hj\u00e4lpmedel som anv\u00e4nds.  <br> Vi b\u00f6r \u00e5tminstone uppn\u00e5 grundl\u00e4ggande tillg\u00e4nglighet genom att f\u00f6lja <a href=\"https:\/\/webbriktlinjer.se\/riktlinjer\/1-utga-fran-wcag-2-1-niva-aa\/\" data-type=\"URL\" data-id=\"https:\/\/webbriktlinjer.se\/riktlinjer\/1-utga-fran-wcag-2-1-niva-aa\/\" target=\"_blank\" rel=\"noreferrer noopener\" style=\"color: #2d68c4;\">WCAG 2.1 p\u00e5 niv\u00e5 AA &nbsp;<img decoding=\"async\" src=\"https:\/\/sbcr.se\/wp-content\/uploads\/2023\/03\/link16x16.png\"><\/a>. <\/p>\n\n\n\n<h2 class=\"wp-block-heading\">Brister<\/h2>\n\n\n\n<p>I dagsl\u00e4get \u00e4r vi medvetna om att vi inte lyckats n\u00e5 alla kriterier i WCAG (standard f\u00f6r tillg\u00e4nglighet)&nbsp;enligt nedan:<\/p>\n\n\n\n<ul class=\"wp-block-list\">\n<li>Detaljerad text saknas p\u00e5 n\u00e5gra sidor f\u00f6r att tydligt v\u00e4gleda anv\u00e4ndare att hitta information och regler g\u00e4llande registrering och forskare att hitta r\u00e5d f\u00f6r processer g\u00e4llande datauttag. Dessa kommer att f\u00f6rb\u00e4ttras vid kommande uppdateringar.&nbsp;&nbsp;<\/li>\n\n\n\n<li> Vi f\u00e5r ibland st\u00f6rningar g\u00e4llande SSL som uppst\u00e5r med anledning av att vissa programvaror inte \u00e4r f\u00f6renliga med varandra. Detta \u00e4r planerat att \u00e5tg\u00e4rdas vid kommande uppdateringar. <\/li>\n\n\n\n<li>Det kan finnas filer i PDF-format p\u00e5 hemsidan som inte \u00e4r tillg\u00e4nglighetsanpassade. Dessa kommer att f\u00f6rb\u00e4ttras vid kommande uppdateringar.<\/li>\n\n\n\n<li>Vissa sektioner p\u00e5 hemsidan har inkonsekvent navigation fram och tillbaka. Dessa kommer att f\u00f6rb\u00e4ttras vid kommande uppdateringar.<\/li>\n<\/ul>\n\n\n\n<h2 class=\"wp-block-heading\">Kontakta oss <\/h2>\n\n\n\n<p>Vi jobbar kontinuerligt f\u00f6r att \u00e5tg\u00e4rda brister och f\u00f6r att se till att vi ska n\u00e5 de standarder och riktlinjer som Myndigheten f\u00f6r digital f\u00f6rvaltning (DIGG) kr\u00e4ver av oss.<br>Kontakta oss g\u00e4rna om n\u00e5gra brister utifr\u00e5n ovanst\u00e5ende punkter uppt\u00e4cks.<br>E-post:&nbsp;<a href=\"mailto:svenska-barncancerregistret@kbh.ki.se\" target=\"_blank\" rel=\"noreferrer noopener\" style=\"color: #2d68c4;\">svenska-barncancerregistret@kbh.ki.se<\/a><\/p>\n\n\n\n<h2 class=\"wp-block-heading\">Kontakta tillsynsmyndigheten DIGG<\/h2>\n\n\n\n<p>Om du \u00e4r missn\u00f6jd med hur vi uppfyller kraven p\u00e5 tillg\u00e4nglighet kan du ta kontakt med <a rel=\"noreferrer noopener\" aria-label=\" Myndigheten f\u00f6r digital f\u00f6rvaltning (DIGG) extern webbplats (opens in a new tab)\" href=\"https:\/\/www.digg.se\/\" target=\"_blank\" style=\"color: #2d68c4;\"> Myndigheten f\u00f6r digital f\u00f6rvaltning (DIGG) &nbsp;<img decoding=\"async\" src=\"https:\/\/sbcr.se\/wp-content\/uploads\/2023\/03\/link16x16.png\"><\/a>.<\/p>\n\n\n\n<p><\/p>\n\n\n\n<p> <\/p>\n","protected":false},"excerpt":{"rendered":"<p>Om hemsidan sbcr.se Svenska Barncancerregistret (SBCR) bedriver denna hemsida. Syftet med hemsidan \u00e4r att ge tydlig information om \u00e5tkomst \u00e5t olika v\u00e5rdgrupper och forskare inom barncancer f\u00f6r att f\u00f6rb\u00e4ttra behandlingsresultat och datakvalitet. I detta dokument presenteras vilka m\u00f6jliga brister hemsidan har g\u00e4llande tillg\u00e4nglighet, hur vi planerar att \u00e5tg\u00e4rda dem samt hur en kan v\u00e4nda sig &hellip; <\/p>\n<p class=\"link-more\"><a href=\"https:\/\/sbcr.se\/index.php\/om-sbcr\/tillganglighetsredogorelse\/\" class=\"more-link\">Forts\u00e4tt l\u00e4sa<span class=\"screen-reader-text\"> \u201dTillg\u00e4nglighetsredog\u00f6relse \ufeff\u201d<\/span><\/a><\/p>\n","protected":false},"author":1,"featured_media":0,"parent":4767,"menu_order":0,"comment_status":"closed","ping_status":"closed","template":"","meta":{"iawp_total_views":79,"footnotes":""},"class_list":["post-885","page","type-page","status-publish","hentry"],"_links":{"self":[{"href":"https:\/\/sbcr.se\/index.php\/wp-json\/wp\/v2\/pages\/885","targetHints":{"allow":["GET"]}}],"collection":[{"href":"https:\/\/sbcr.se\/index.php\/wp-json\/wp\/v2\/pages"}],"about":[{"href":"https:\/\/sbcr.se\/index.php\/wp-json\/wp\/v2\/types\/page"}],"author":[{"embeddable":true,"href":"https:\/\/sbcr.se\/index.php\/wp-json\/wp\/v2\/users\/1"}],"replies":[{"embeddable":true,"href":"https:\/\/sbcr.se\/index.php\/wp-json\/wp\/v2\/comments?post=885"}],"version-history":[{"count":42,"href":"https:\/\/sbcr.se\/index.php\/wp-json\/wp\/v2\/pages\/885\/revisions"}],"predecessor-version":[{"id":3477,"href":"https:\/\/sbcr.se\/index.php\/wp-json\/wp\/v2\/pages\/885\/revisions\/3477"}],"up":[{"embeddable":true,"href":"https:\/\/sbcr.se\/index.php\/wp-json\/wp\/v2\/pages\/4767"}],"wp:attachment":[{"href":"https:\/\/sbcr.se\/index.php\/wp-json\/wp\/v2\/media?parent=885"}],"curies":[{"name":"wp","href":"https:\/\/api.w.org\/{rel}","templated":true}]}}