{"id":53,"date":"2019-02-06T13:58:43","date_gmt":"2019-02-06T13:58:43","guid":{"rendered":"http:\/\/child3.ki.se\/wordpress\/?page_id=53"},"modified":"2026-03-24T09:20:51","modified_gmt":"2026-03-24T08:20:51","slug":"om-svenska-barncancerregistret","status":"publish","type":"page","link":"https:\/\/sbcr.se\/index.php\/om-sbcr\/om-svenska-barncancerregistret\/","title":{"rendered":"Om Oss"},"content":{"rendered":"<button id=\"listenButton1\" class=\"responsivevoice-button\" type=\"button\" value=\"Play\" title=\"ResponsiveVoice Tap to Start\/Stop Speech\"><span>&#128266; Lyssna<\/span><\/button>\n        <script>\n            listenButton1.onclick = function(){\n                if(responsiveVoice.isPlaying()){\n                    responsiveVoice.cancel();\n                }else{\n                    responsiveVoice.speak(\"Nationella Kvalitetsregistret SBCR Svenska Barncancerregistret, SBCR \u00e4r ett nationellt kvalitetsregister hos Sveriges Kommuner och Regioner, SKR.Det \u00e4r ett verktyg f\u00f6r att dokumentera och kvalitetss\u00e4kra v\u00e5rden f\u00f6r barn och ungdomar med blod- och tum\u00f6rsjukdomar och utg\u00f6r en grund f\u00f6r kliniskt f\u00f6rb\u00e4ttringsarbete. SBCR anv\u00e4nds \u00e4ven f\u00f6r forskning f\u00f6r att \u00f6ka kunskapen om barncancer samt kroniska blodsjukdomar och f\u00f6r att f\u00f6rb\u00e4ttra behandlingen av sjukdomarna. Barncancerfonden finansierar verksamheten. Det \u00f6vergripande syftet med SBCR \u00e4r att underl\u00e4tta utv\u00e4rdering av barncancerv\u00e5rdens resultat och kvalitet i Sverige, samt p\u00e5 motsvarande s\u00e4tt f\u00f6lja patienter med transfusionskr\u00e4vande kroniska anemier. Det inneh\u00e5ller individbaserade uppgifter om diagnos, behandlingar och resultat (inkluderande \u00e5terfall, sekund\u00e4ra tum\u00f6rer\/ cancer, behandlingskomplikationer och sen effekter). Registret ligger ocks\u00e5 till grund f\u00f6r uppf\u00f6ljning och redovisning av enskilda verksamheter inom regionerna samt utg\u00f6r underlag f\u00f6r kliniska forskningsprojekt.Styrdokument SBCR CPUA godk\u00e4nt 2024. Svenska Barncancerregistret har sitt ursprung i registrering av kliniska karakt\u00e4ristika, behandling och behandlingsutfall, som utvecklats av de olika v\u00e5rdplaneringsgrupperna f\u00f6r barn med blod- och tum\u00f6rsjukdomar i Svenska Barnl\u00e4karf\u00f6reningen. Svenska Barnl\u00e4karf\u00f6reningen, BLF-PHO De olika v\u00e5rdplaneringsgrupperna och modulerna i SBCR \u00e4r: Svenska barnleukemigruppen (SBLG) V\u00e5rdplaneringsgruppen f\u00f6r solida tum\u00f6rsjukdomar hos barn (VSTB) V\u00e5rdplaneringsgruppen f\u00f6r CNS-tum\u00f6rer hos barn (VCTB) Svenska arbetsgruppen f\u00f6r l\u00e5ngtidsuppf\u00f6ljning efter barncancer (SALUB) Svenska barnradioterapigruppen (SBRTG) Svenska Arbetsgruppen f\u00f6r Rehabilitering efter Barncancer (SAREB) V\u00e5rdplaneringsgruppen f\u00f6r Pediatrisk Hematologi (VPH) Moduler i SBCR Leukemier ALL, AML, KML CNS-tum\u00f6rer VCTB Solida tum\u00f6rer VSTB Lymfom HODGKIN och NON-HODGKIN Hematologi VPH L\u00e5ngtidsuppf\u00f6ljning SALUB Str\u00e5lning RADTOX Rehabilitering SAREB Data har registrerats fr\u00e5n 1970-talet f\u00f6r leukemier, framf\u00f6rallt f\u00f6r akut lymfatisk leukemi och sedan b\u00f6rjan av 1980-talet f\u00f6r \u00f6vriga tum\u00f6rer och akut myeloisk leukemi. Fr\u00e5n b\u00f6rjan betraktades registreringen som forskningsaktivitet, men karakt\u00e4ren av kvalitetsregistrering har varit tydlig fr\u00e5n b\u00f6rjan och f\u00f6r leukemisjukdomarna (akut lymfatisk leukemi, akut myeloisk leukemi) har registret ocks\u00e5 tj\u00e4nat som registreringsverktyg f\u00f6r kliniska behandlingsstudier. Registret fick status som nationellt kvalitetsregister vid SKR \u00e5r 2011. Alla sex barncancercentra i Sverige registrerar till SBCR efter patienten har f\u00e5tt information. T\u00e4ckningsgraden j\u00e4mf\u00f6rt med Nationella Cancerregistret \u00e4r f\u00f6r n\u00e4rvarande ca 90% mest beroende p\u00e5 lite annorlunda kriterier f\u00f6r registrering av godartade tum\u00f6rer och f\u00f6r\u00e4ndringar. Registret har totalt \u00f6ver 12 000 patienter registrerade i diagnosmoduler och \u00f6ver 6000 patienter registrerade i uppf\u00f6ljningsmoduler. Statistik f\u00f6r SBCR. Centralt personuppgiftsansvarig myndighet Karolinska Universitetssjukhuset, Stockholm. Karolinska Universitetssjukhuset Registerh\u00e5llare Kleopatra Georgantzi, barnonkolog, Stockholm. Kontaktuppgifter Systemleverant\u00f6r Databasen INCA hos Regionalt Cancercentrum, RCC V\u00e4st, G\u00f6teborg. Nationellt kvalitetsregister f\u00f6r barncancer Tidigare systemleverant\u00f6r Childhood Cancer Epidemiology Group, CCEG, Karolinska Institutet, Stockholm. Childhood Cancer Epidemiology Group STYRGRUPP Registerh\u00e5llarteam Kleopatra Georgantzi (Stockholm)-registerh\u00e5llare P\u00e4ivi L\u00e4hteenm\u00e4ki (Stockholm)-r\u00e5dgivare SBLG (barnonkologer) Lene Karlsson (G\u00f6teborg) suppleant - Kees-Jan Pronk (Lund) VSTB (barnonkologer) Fredrik Baecklund (Stockholm) suppleant - Gustaf Ljungman (Uppsala) VSTB (barnkirurg) Jakob Stenman (Stockholm) VCTB (barnonkologer) Magnus Sabel (G\u00f6teborg) suppleant - Elizabeth Schepke (G\u00f6teborg) VCTB (neurokirurg) Pelle Nilsson (Uppsala) VPH (barnonkologer) Ulf Tedg\u00e5rd (Lund) suppleant - Peter Priftakis (Stockholm) SALUB (barnonkologer) Aron Onerup (G\u00f6teborg) suppleant - Cecilia Petersen (Stockholm) SBRTG (radioterapeut) Anna Asklid (Stockholm) suppleant - Ingrid Fagerstr\u00f6m Kristensen (Lund) SAREB (rehabilitering) Ingrid Tonning-Olsen (Lund) suppleant - Malin L\u00f6nnerblad (Stockholm) Sjuksk\u00f6terskor CNS-tum\u00f6rer Victoria Wennberg (Uppsala) suppleant - Elisabeth Bj\u00f6rn (Stockholm) Sjuksk\u00f6terskor \u00f6vriga tum\u00f6rsjukdomar Hanna Martinsson (Uppsala) Forskningsk\u00f6terskarepresentant Carolina Hawranek (Ume\u00e5) suppleant - Ther\u00e9se Wagner (Stockholm) Patientrepresentant Malin Lagerquist suppleant - Fredrik M\u00f6ller Anh\u00f6rigrepresentant Katarina H\u00e4ger\u00e5 Epidemiologi Giorgio Tettamanti (Stockholm) Biostatistik RCC-V\u00e4st statistikergrupp CPUA representant Pernilla Grillner (Karolinska Sjukhuset, Stockholm) Ordf\u00f6rande f\u00f6r Svenska Barnl\u00e4karf\u00f6reningens sektion f\u00f6r onkologi och hematologi (PHO) 2024: Lisa T\u00f6rnudd (Link\u00f6ping) Representant f\u00f6r Svenska Barntum\u00f6rbiobanken Gustaf Ljungman (Uppsala) Suppleant - Johanna Sandgren (Stockholm) Representant f\u00f6r Leukemi Biobanken Arja Harila (Uppsala)suppleant - Karolin Bergenstr\u00e5hle (Uppsala) Representant f\u00f6r varje Universitetssjukhus sektion f\u00f6r barnonkologi och\u2013 hematologi (kan vara inom\/fr\u00e5n andra roller i styrgruppen) Pernilla Grillner (Stockholm) Thorsteinn Gunnarsson\/Magnus Sabel (G\u00f6teborg) Lisa T\u00f6rnudd (Link\u00f6ping) Gustaf Ljungman\/Arja Harila (Uppsala) Kees-Jan Pronk (Lund) Ulrika Nor\u00e9n-Nystr\u00f6m (Ume\u00e5) Adjungerad medlem fr\u00e5n Barncancerfonden Johanna Andrae (Stockholm) suppleant - Kerstin Sollerbrant (Stockholm) Adjungerad medlem fr\u00e5n UFM n\u00e4tverket Aida Shahriari (Stockholm) Adjungerade medlem fr\u00e5n st\u00f6dteamet vid RCC V\u00e4st hela teamet Adjungerade medlem fr\u00e5n leukemiforskningsgruppen p\u00e5 KI Mats Heyman (Stockholm) Samarbetspartners INCA, RCC V\u00e4st CCEG, KI SKR Nationella Kvalitetsregister Barncancerfonden Karolinska Universitetssjukhuset Svenska Barnl\u00e4karf\u00f6reningen, BLF-PHO Kontakt Statistik Tillg\u00e4nglighetsredog\u00f6relse\", \"Swedish Female\");\n                }\n            };\n        <\/script>\n    \n\n\n\n<h2 class=\"wp-block-heading\">Nationella Kvalitetsregistret SBCR<\/h2>\n\n\n\n<div class=\"wp-block-columns has-2-columns is-layout-flex wp-container-core-columns-is-layout-9d6595d7 wp-block-columns-is-layout-flex\">\n<div class=\"wp-block-column is-vertically-aligned-top is-layout-flow wp-block-column-is-layout-flow\">\n<p class=\"has-text-align-left\"><span style=\"font-size: 18px; \">Svenska Barncancerregistret, SBCR \u00e4r ett nationellt kvalitetsregister hos <a rel=\"noreferrer noopener\" style=\"color: #2d68c4;\" href=\"https:\/\/www.kvalitetsregister.se\/\" target=\"_blank\">Sveriges Kommuner och Regioner, SKR.&nbsp;&nbsp;<img decoding=\"async\" src=\"https:\/\/sbcr.se\/wp-content\/uploads\/2023\/03\/link16x16.png\" width=\"14.4\" height=\"14.4\"><\/a>&nbsp;&nbsp;<\/span><span style=\"font-size: 18px; \">&nbsp;Det \u00e4r ett verktyg f\u00f6r att dokumentera och kvalitetss\u00e4kra v\u00e5rden f\u00f6r barn och ungdomar med blod- och tum\u00f6rsjukdomar och utg\u00f6r en grund f\u00f6r kliniskt f\u00f6rb\u00e4ttringsarbete. SBCR anv\u00e4nds \u00e4ven f\u00f6r forskning f\u00f6r att \u00f6ka kunskapen om barncancer samt kroniska blodsjukdomar och f\u00f6r att f\u00f6rb\u00e4ttra behandlingen av sjukdomarna. <a rel=\"noreferrer noopener\" style=\"color: #2d68c4;\" href=\"https:\/\/www.barncancerfonden.se\/\" data-type=\"URL\" data-id=\"https:\/\/www.barncancerfonden.se\/\" target=\"_blank\">Barncancerfonden&nbsp;&nbsp;<img decoding=\"async\" src=\"https:\/\/sbcr.se\/wp-content\/uploads\/2023\/03\/link16x16.png\"><\/a> finansierar verksamheten.<\/span><\/p>\n\n\n\n<p>Det \u00f6vergripande syftet med SBCR \u00e4r att underl\u00e4tta utv\u00e4rdering av barncancerv\u00e5rdens resultat och kvalitet i Sverige, samt p\u00e5 motsvarande s\u00e4tt f\u00f6lja patienter med transfusionskr\u00e4vande kroniska anemier. Det inneh\u00e5ller individbaserade uppgifter om diagnos, behandlingar och resultat (inkluderande \u00e5terfall, sekund\u00e4ra tum\u00f6rer\/ cancer, behandlingskomplikationer och sen effekter). Registret ligger ocks\u00e5 till grund f\u00f6r uppf\u00f6ljning och redovisning av enskilda verksamheter inom regionerna samt utg\u00f6r underlag f\u00f6r kliniska forskningsprojekt.<br><a rel=\"noreferrer noopener\" style=\"color: #2d68c4;\" href=\"https:\/\/cceg.ki.se\/documents\/Styrdokument_SBCR_2024.pdf\" target=\"_blank\">Styrdokument SBCR CPUA godk\u00e4nt 2024.<\/a><\/p>\n\n\n\n<p>Svenska Barncancerregistret har sitt ursprung i registrering av kliniska karakt\u00e4ristika, behandling och behandlingsutfall, som utvecklats av de olika v\u00e5rdplaneringsgrupperna f\u00f6r barn med blod- och tum\u00f6rsjukdomar i Svenska Barnl\u00e4karf\u00f6reningen.<br> <a rel=\"noreferrer noopener\" aria-label=\" (opens in a new tab)\" style=\"color: #2d68c4;\" href=\"http:\/\/pho.barnlakarforeningen.se\" data-type=\"URL\" target=\"_blank\">Svenska Barnl\u00e4karf\u00f6reningen, BLF-PHO&nbsp;&nbsp;<img decoding=\"async\" src=\"https:\/\/sbcr.se\/wp-content\/uploads\/2023\/03\/link16x16.png\"><\/a> <br><br>De olika v\u00e5rdplaneringsgrupperna och modulerna i SBCR \u00e4r:<\/p>\n\n\n\n<ul class=\"wp-block-list\">\n<li>Svenska barnleukemigruppen (SBLG)<\/li>\n\n\n\n<li>V\u00e5rdplaneringsgruppen f\u00f6r solida tum\u00f6rsjukdomar hos barn (VSTB)<\/li>\n\n\n\n<li>V\u00e5rdplaneringsgruppen f\u00f6r CNS-tum\u00f6rer hos barn (VCTB)<\/li>\n\n\n\n<li>Svenska arbetsgruppen f\u00f6r l\u00e5ngtidsuppf\u00f6ljning efter barncancer (SALUB)<\/li>\n\n\n\n<li>Svenska barnradioterapigruppen (SBRTG)<\/li>\n\n\n\n<li> Svenska Arbetsgruppen f\u00f6r Rehabilitering efter Barncancer (SAREB) <\/li>\n\n\n\n<li> V\u00e5rdplaneringsgruppen f\u00f6r Pediatrisk Hematologi (VPH) <\/li>\n<\/ul>\n\n\n\n<h2 class=\"wp-block-heading\">Moduler i SBCR<\/h2>\n\n\n\n<div class=\"wp-block-buttons is-layout-flex wp-block-buttons-is-layout-flex\">\n<div class=\"wp-block-button is-style-outline is-style-outline--1\"><a class=\"wp-block-button__link has-black-color has-text-color has-small-font-size has-custom-font-size wp-element-button\" href=\"https:\/\/sbcr.se\/index.php\/vardgivare\/leukemier\/\">Leukemier <br>ALL, AML, KML<\/a><\/div>\n\n\n\n<div class=\"wp-block-button is-style-outline is-style-outline--2\"><a class=\"wp-block-button__link has-small-font-size has-custom-font-size wp-element-button\" href=\"https:\/\/sbcr.se\/index.php\/vardgivare\/vctb\/\">CNS-tum\u00f6rer <br>VCTB<\/a><\/div>\n\n\n\n<div class=\"wp-block-button is-style-outline is-style-outline--3\"><a class=\"wp-block-button__link has-small-font-size has-custom-font-size wp-element-button\" href=\"https:\/\/sbcr.se\/index.php\/vardgivare\/vstb\/\">Solida tum\u00f6rer <br>VSTB<\/a><\/div>\n\n\n\n<div class=\"wp-block-button is-style-outline is-style-outline--4\"><a class=\"wp-block-button__link has-small-font-size has-custom-font-size wp-element-button\" href=\"https:\/\/sbcr.se\/index.php\/lymfom\/\">Lymfom HODGKIN <br>och NON-HODGKIN<\/a><\/div>\n\n\n\n<div class=\"wp-block-button is-style-outline is-style-outline--5\"><a class=\"wp-block-button__link has-small-font-size has-custom-font-size wp-element-button\" href=\"https:\/\/sbcr.se\/index.php\/vardgivare\/vph\/\">Hematologi <br>VPH<\/a><\/div>\n\n\n\n<div class=\"wp-block-button is-style-outline is-style-outline--6\"><a class=\"wp-block-button__link has-small-font-size has-custom-font-size wp-element-button\" href=\"https:\/\/sbcr.se\/index.php\/vardgivare\/salub\/\">L\u00e5ngtidsuppf\u00f6ljning <br>SALUB<\/a><\/div>\n\n\n\n<div class=\"wp-block-button is-style-outline is-style-outline--7\"><a class=\"wp-block-button__link has-small-font-size has-custom-font-size wp-element-button\" href=\"https:\/\/sbcr.se\/index.php\/vardgivare\/radtox\/\">Str\u00e5lning <br>RADTOX<\/a><\/div>\n\n\n\n<div class=\"wp-block-button is-style-outline is-style-outline--8\"><a class=\"wp-block-button__link has-small-font-size has-custom-font-size wp-element-button\" href=\"https:\/\/sbcr.se\/index.php\/vardgivare\/sareb\/\">Rehabilitering <br>SAREB<\/a><\/div>\n<\/div>\n\n\n\n<p><\/p>\n\n\n\n<p><\/p>\n\n\n\n<p>Data har registrerats fr\u00e5n 1970-talet f\u00f6r leukemier, framf\u00f6rallt f\u00f6r akut lymfatisk leukemi och sedan b\u00f6rjan av 1980-talet f\u00f6r \u00f6vriga tum\u00f6rer och akut myeloisk leukemi. Fr\u00e5n b\u00f6rjan betraktades registreringen som forskningsaktivitet, men karakt\u00e4ren av kvalitetsregistrering har varit tydlig fr\u00e5n b\u00f6rjan och f\u00f6r leukemisjukdomarna (akut lymfatisk leukemi, akut myeloisk leukemi) har registret ocks\u00e5 tj\u00e4nat som registreringsverktyg f\u00f6r kliniska behandlingsstudier. Registret fick status som nationellt kvalitetsregister vid SKR \u00e5r 2011. <\/p>\n\n\n\n<p>Alla sex barncancercentra i Sverige registrerar till SBCR efter patienten har f\u00e5tt information. T\u00e4ckningsgraden j\u00e4mf\u00f6rt med Nationella Cancerregistret \u00e4r f\u00f6r n\u00e4rvarande ca 90% mest beroende p\u00e5 lite annorlunda kriterier f\u00f6r registrering av godartade tum\u00f6rer och f\u00f6r\u00e4ndringar. <\/p>\n\n\n\n<p>Registret har totalt \u00f6ver 12 000 patienter registrerade i diagnosmoduler och \u00f6ver 6000 patienter registrerade i uppf\u00f6ljningsmoduler.<br>\n<a href=\"https:\/\/sbcr.se\/index.php\/statistik\/\" style=\"color: #2d68c4;\">Statistik f\u00f6r SBCR.<\/a><\/p>\n\n\n\n<hr class=\"wp-block-separator has-css-opacity is-style-default\"\/>\n\n\n\n<h2 class=\"wp-block-heading\">Centralt personuppgiftsansvarig myndighet<\/h2>\n\n\n\n<p>Karolinska Universitetssjukhuset, Stockholm.<br> <a href=\"https:\/\/karolinska.se\/\" target=\"_blank\" rel=\"noreferrer noopener\" style=\"color: #2d68c4;\"><img decoding=\"async\" src=\"https:\/\/sbcr.se\/wp-content\/uploads\/2023\/03\/link16x16.png\"> &nbsp;Karolinska Universitetssjukhuset<\/a><\/p>\n\n\n\n<hr class=\"wp-block-separator has-css-opacity is-style-default\"\/>\n\n\n\n<h2 class=\"wp-block-heading\">Registerh\u00e5llare<\/h2>\n\n\n\n<p>Kleopatra Georgantzi, barnonkolog, Stockholm.<br> <a style=\"color: #2d68c4;\" href=\"https:\/\/sbcr.se\/index.php\/kontakt\/\">Kontaktuppgifter<\/a><\/p>\n\n\n\n<hr class=\"wp-block-separator has-css-opacity\"\/>\n\n\n\n<h2 class=\"wp-block-heading\">Systemleverant\u00f6r<\/h2>\n\n\n\n<p>Databasen INCA hos Regionalt Cancercentrum, RCC V\u00e4st, G\u00f6teborg.<br> <a rel=\"noreferrer noopener\" aria-label=\" (opens in a new tab)\" style=\"color: #2d68c4;\" href=\"https:\/\/cancercentrum.se\/diagnosbehandling\/cancerdiagnoser\/barncancer\/kvalitetsregister.7366.html\" target=\"_blank\"><img decoding=\"async\" src=\"https:\/\/sbcr.se\/wp-content\/uploads\/2023\/03\/link16x16.png\"> &nbsp;Nationellt kvalitetsregister f\u00f6r barncancer<\/a><\/p>\n\n\n\n<h2 class=\"wp-block-heading\">Tidigare systemleverant\u00f6r<\/h2>\n\n\n\n<p>Childhood Cancer Epidemiology Group, CCEG, Karolinska Institutet, Stockholm. <br><a rel=\"noreferrer noopener\" style=\"color: #2d68c4;\" href=\"https:\/\/cceg.ki.se\/\" target=\"_blank\"><img decoding=\"async\" src=\"https:\/\/sbcr.se\/wp-content\/uploads\/2023\/03\/link16x16.png\"> &nbsp;Childhood Cancer Epidemiology Group<\/a><\/p>\n\n\n\n<p><\/p>\n<\/div>\n\n\n\n<div class=\"wp-block-column is-vertically-aligned-top is-layout-flow wp-block-column-is-layout-flow\">\n<p><style>\n.page-content-right {\n\tmargin-left: 20px;\n    flex: 0.4 !important;\n    background-color: hsla(202, 88%, 90%, 1);\n    padding: 10px 15px;\n    border-radius: 7px;\n    box-shadow: 1px 1px 0px 0px #ffffff, inset 1px 1px 0px 0px #ebe1c6;\n    font-size: 12px;\n}\n.page-content-right h1 {\nfont-size: 24px;\n}\n<\/style>\n<\/p>\n\n\n\n<div class=\"page-content-right\"><h1>STYRGRUPP <\/h1>\n<p><b>Registerh\u00e5llarteam<\/b><br>\nKleopatra Georgantzi (Stockholm)-registerh\u00e5llare\n<br><span style=\"text-indent: 50px;\" >P\u00e4ivi L\u00e4hteenm\u00e4ki (Stockholm)-r\u00e5dgivare\n<\/p>\n<p><b>SBLG (barnonkologer)<\/b>\n<br>Lene Karlsson (G\u00f6teborg)<br>\n<i>suppleant<\/i> &#8211; Kees-Jan Pronk (Lund) \n<\/p>\n<p><b>VSTB (barnonkologer)<\/b><br>\nFredrik Baecklund (Stockholm)<br>\n<i>suppleant &#8211; <\/i>Gustaf Ljungman (Uppsala)\n<\/p>\n<p><b>VSTB (barnkirurg)<\/b><br>\nJakob Stenman (Stockholm)\n<\/p>\n<p><b>VCTB (barnonkologer)<\/b><br>\nMagnus Sabel (G\u00f6teborg)<br>\n<i>suppleant<\/i> &#8211; Elizabeth Schepke (G\u00f6teborg) \n<\/p>\n<p><b>VCTB (neurokirurg)<\/b><br>\nPelle Nilsson (Uppsala)\n<\/p>\n<p><b>VPH (barnonkologer)<\/b><br>\nUlf Tedg\u00e5rd (Lund)<br>\n<i>suppleant<\/i> &#8211; Peter Priftakis (Stockholm)\n<\/p>\n<p><b><!--Representant -->SALUB (barnonkologer)<\/b><br>\nAron Onerup (G\u00f6teborg)<br>\n<i>suppleant<\/i> &#8211; Cecilia Petersen (Stockholm)\n<\/p>\n<p><b>SBRTG (radioterapeut)<\/b>\n<br>Anna Asklid (Stockholm)<br>\n<i>suppleant<\/i> &#8211; Ingrid Fagerstr\u00f6m Kristensen (Lund)\n<\/p>\n<p><b>SAREB (rehabilitering)<\/b><br>\nIngrid Tonning-Olsen (Lund)<br>\n<i>suppleant<\/i> &#8211; Malin L\u00f6nnerblad (Stockholm)\n<\/p>\n<p><b>Sjuksk\u00f6terskor CNS-tum\u00f6rer<\/b><br>\nVictoria Wennberg (Uppsala)<br>\n<i>suppleant<\/i> &#8211; Elisabeth Bj\u00f6rn (Stockholm)\n<\/p>\n<p><b>Sjuksk\u00f6terskor \u00f6vriga tum\u00f6rsjukdomar<\/b><br>\nHanna Martinsson (Uppsala)\n<\/p>\n<p><b>Forskningsk\u00f6terskarepresentant <\/b><br>Carolina Hawranek (Ume\u00e5)<br>\n<i>suppleant<\/i> &#8211; Ther\u00e9se Wagner (Stockholm)\n<\/p>\n<p><b>Patientrepresentant<\/b><br>\nMalin Lagerquist <br> \n<i>suppleant<\/i> &#8211; Fredrik M\u00f6ller\n<\/p>\n<p><b>Anh\u00f6rigrepresentant<\/b><br>\nKatarina H\u00e4ger\u00e5<\/p>\n<p><b>Epidemiologi<\/b><br>\nGiorgio Tettamanti (Stockholm)\n<\/p>\n<p><b>Biostatistik<\/b><br>\nRCC-V\u00e4st statistikergrupp\n<\/p>\n<p><b>CPUA representant<\/b><br>\nPernilla Grillner (Karolinska Sjukhuset, Stockholm)\n<\/p>\n<p><b>Ordf\u00f6rande f\u00f6r Svenska Barnl\u00e4karf\u00f6reningens sektion f\u00f6r onkologi och hematologi (PHO)<\/b><br>\n2024: Lisa T\u00f6rnudd (Link\u00f6ping)\n<\/p>\n<p><b>Representant f\u00f6r Svenska Barntum\u00f6rbiobanken<\/b><br>\nGustaf Ljungman (Uppsala)<br>\n<i>Suppleant<\/i> &#8211; Johanna Sandgren (Stockholm)\n<\/p>\n<p><b>Representant f\u00f6r Leukemi Biobanken<\/b><br>\nArja Harila (Uppsala)<br><i>suppleant<\/i> &#8211; Karolin Bergenstr\u00e5hle (Uppsala)\n<\/p>\n<p><b>Representant f\u00f6r varje Universitetssjukhus sektion f\u00f6r barnonkologi och\u2013 hematologi (kan vara inom\/fr\u00e5n andra roller i styrgruppen)<\/b>\n<br>Pernilla Grillner (Stockholm)\n<br>Thorsteinn Gunnarsson\/Magnus Sabel (G\u00f6teborg)\n<br>Lisa T\u00f6rnudd (Link\u00f6ping)\n<br>Gustaf Ljungman\/Arja Harila (Uppsala)\n<br>Kees-Jan Pronk (Lund)\n<br>Ulrika Nor\u00e9n-Nystr\u00f6m (Ume\u00e5)\n<\/p>\n<p><b>Adjungerad medlem fr\u00e5n Barncancerfonden<\/b><br>\nJohanna Andrae (Stockholm) <br><i>suppleant<\/i> &#8211; Kerstin Sollerbrant (Stockholm)\n<\/p>\n<p><b>Adjungerad medlem fr\u00e5n UFM n\u00e4tverket<\/b><br>\nAida Shahriari (Stockholm)\n<\/p>\n<p><b>Adjungerade medlem fr\u00e5n st\u00f6dteamet vid RCC V\u00e4st<\/b><br>\nhela teamet\n<\/p>\n<p><b>Adjungerade medlem fr\u00e5n leukemiforskningsgruppen p\u00e5 KI<\/b><br>\nMats Heyman (Stockholm)\n<\/p>\n<\/div>\n\n\n\n<p><\/p>\n\n\n\n<h2 class=\"wp-block-heading\"><span style=\"padding-left: 22px;\">Samarbetspartners<\/span><\/h2>\n\n\n\n<p><span style=\"padding-left: 22px;\"><a rel=\"noreferrer noopener\" style=\"color: #2d68c4;\" onmouseover=\"this.style.textDecoration='underline'; color='red'\" onmouseout=\"this.style.textDecoration='none'\" href=\"https:\/\/cancercentrum.se\/vast\/cancerdiagnoser\/barn\/kvalitetsregister\/\" target=\"_blank\"><img decoding=\"async\" src=\"https:\/\/sbcr.se\/wp-content\/uploads\/2023\/03\/link16x16.png\"> &nbsp;INCA, RCC V\u00e4st<\/a><\/span><br><span style=\"padding-left: 22px;\"><a rel=\"noreferrer noopener\" aria-label=\" (opens in a new tab)\" onmouseover=\"this.style.textDecoration='underline'\" onmouseout=\"this.style.textDecoration='none'\" style=\"color: #2d68c4;\" href=\"https:\/\/www.cceg.ki.se\/\" target=\"_blank\"><img decoding=\"async\" src=\"https:\/\/sbcr.se\/wp-content\/uploads\/2023\/03\/link16x16.png\"> &nbsp;CCEG, KI<\/a><br><\/span><span style=\"padding-left: 22px;\"><a rel=\"noreferrer noopener\" aria-label=\" (opens in a new tab)\" style=\"color: #2d68c4;\" href=\"https:\/\/www.kvalitetsregister.se\/\" target=\"_blank\"><img decoding=\"async\" src=\"https:\/\/sbcr.se\/wp-content\/uploads\/2023\/03\/link16x16.png\"> &nbsp;SKR Nationella Kvalitetsregister<\/a><\/span><br><span style=\"padding-left: 22px;\"> <a rel=\"noreferrer noopener\" aria-label=\" (opens in a new tab)\" style=\"color: #2d68c4;\" href=\"https:\/\/www.barncancerfonden.se\/\" target=\"_blank\"><img decoding=\"async\" src=\"https:\/\/sbcr.se\/wp-content\/uploads\/2023\/03\/link16x16.png\"> &nbsp;Barncancerfonden<\/a><\/span> <br><span style=\"padding-left: 22px;\"><a rel=\"noreferrer noopener\" aria-label=\" (opens in a new tab)\" style=\"color: #2d68c4;\" href=\"http:\/\/karolinska.se\" data-type=\"URL\" target=\"_blank\"><img decoding=\"async\" src=\"https:\/\/sbcr.se\/wp-content\/uploads\/2023\/03\/link16x16.png\"> &nbsp;Karolinska Universitetssjukhuset<\/a><br><span style=\"padding-left: 22px;\"><a rel=\"noreferrer noopener\" aria-label=\" (opens in a new tab)\" style=\"color: #2d68c4;\" href=\"http:\/\/pho.barnlakarforeningen.se\" data-type=\"URL\" target=\"_blank\"><img decoding=\"async\" src=\"https:\/\/sbcr.se\/wp-content\/uploads\/2023\/03\/link16x16.png\"> &nbsp;Svenska Barnl\u00e4karf\u00f6reningen, BLF-PHO<\/a><\/span><\/span><\/p>\n\n\n\n<p><\/p>\n\n\n\n<div class=\"wp-block-buttons is-content-justification-center is-layout-flex wp-container-core-buttons-is-layout-16018d1d wp-block-buttons-is-layout-flex\">\n<div class=\"wp-block-button is-style-outline is-style-outline--9\"><a class=\"wp-block-button__link wp-element-button\" href=\"https:\/\/sbcr.se\/index.php\/kontakt\/\">Kontakt<\/a><\/div>\n\n\n\n<div class=\"wp-block-button is-style-outline is-style-outline--10\"><a class=\"wp-block-button__link wp-element-button\" href=\"https:\/\/sbcr.se\/index.php\/statistik\/\">Statistik<\/a><\/div>\n\n\n\n<div class=\"wp-block-button is-style-outline is-style-outline--11\"><a class=\"wp-block-button__link wp-element-button\" href=\"https:\/\/sbcr.se\/index.php\/tillganglighetsredogorelse\/\">Tillg\u00e4nglighetsredog\u00f6relse<\/a><\/div>\n<\/div>\n\n\n\n<p><\/p>\n\n\n\n<p><\/p>\n<\/div>\n<\/div>\n","protected":false},"excerpt":{"rendered":"<p>Nationella Kvalitetsregistret SBCR Svenska Barncancerregistret, SBCR \u00e4r ett nationellt kvalitetsregister hos Sveriges Kommuner och Regioner, SKR.&nbsp;&nbsp;&nbsp;&nbsp;&nbsp;Det \u00e4r ett verktyg f\u00f6r att dokumentera och kvalitetss\u00e4kra v\u00e5rden f\u00f6r barn och ungdomar med blod- och tum\u00f6rsjukdomar och utg\u00f6r en grund f\u00f6r kliniskt f\u00f6rb\u00e4ttringsarbete. SBCR anv\u00e4nds \u00e4ven f\u00f6r forskning f\u00f6r att \u00f6ka kunskapen om barncancer samt kroniska blodsjukdomar och &hellip; <\/p>\n<p class=\"link-more\"><a href=\"https:\/\/sbcr.se\/index.php\/om-sbcr\/om-svenska-barncancerregistret\/\" class=\"more-link\">Forts\u00e4tt l\u00e4sa<span class=\"screen-reader-text\"> \u201dOm Oss\u201d<\/span><\/a><\/p>\n","protected":false},"author":1,"featured_media":0,"parent":4767,"menu_order":0,"comment_status":"closed","ping_status":"closed","template":"","meta":{"iawp_total_views":627,"footnotes":""},"class_list":["post-53","page","type-page","status-publish","hentry"],"_links":{"self":[{"href":"https:\/\/sbcr.se\/index.php\/wp-json\/wp\/v2\/pages\/53","targetHints":{"allow":["GET"]}}],"collection":[{"href":"https:\/\/sbcr.se\/index.php\/wp-json\/wp\/v2\/pages"}],"about":[{"href":"https:\/\/sbcr.se\/index.php\/wp-json\/wp\/v2\/types\/page"}],"author":[{"embeddable":true,"href":"https:\/\/sbcr.se\/index.php\/wp-json\/wp\/v2\/users\/1"}],"replies":[{"embeddable":true,"href":"https:\/\/sbcr.se\/index.php\/wp-json\/wp\/v2\/comments?post=53"}],"version-history":[{"count":407,"href":"https:\/\/sbcr.se\/index.php\/wp-json\/wp\/v2\/pages\/53\/revisions"}],"predecessor-version":[{"id":5111,"href":"https:\/\/sbcr.se\/index.php\/wp-json\/wp\/v2\/pages\/53\/revisions\/5111"}],"up":[{"embeddable":true,"href":"https:\/\/sbcr.se\/index.php\/wp-json\/wp\/v2\/pages\/4767"}],"wp:attachment":[{"href":"https:\/\/sbcr.se\/index.php\/wp-json\/wp\/v2\/media?parent=53"}],"curies":[{"name":"wp","href":"https:\/\/api.w.org\/{rel}","templated":true}]}}