{"id":3831,"date":"2024-02-14T14:57:42","date_gmt":"2024-02-14T13:57:42","guid":{"rendered":"https:\/\/sbcr.se\/?page_id=3831"},"modified":"2024-10-03T20:11:01","modified_gmt":"2024-10-03T18:11:01","slug":"tidigares-vetenskapliga-publikationer","status":"publish","type":"page","link":"https:\/\/sbcr.se\/index.php\/rapporter\/tidigares-vetenskapliga-publikationer\/","title":{"rendered":"Tidigare \u00e5rs vetenskapliga publikationer"},"content":{"rendered":"<button id=\"listenButton1\" class=\"responsivevoice-button\" type=\"button\" value=\"Play\" title=\"ResponsiveVoice Tap to Start\/Stop Speech\"><span>&#128266; Lyssna<\/span><\/button>\n        <script>\n            listenButton1.onclick = function(){\n                if(responsiveVoice.isPlaying()){\n                    responsiveVoice.cancel();\n                }else{\n                    responsiveVoice.speak(\"H\u00e4r finns de tidigare vetenskapliga publikationerna baserade p\u00e5 data fr\u00e5n Svenska barncancerregistret. Publikationer 2022 Publikationer 2021 Publikationer 2020 Publikationer 2019 Publikationer 2018\", \"Swedish Female\");\n                }\n            };\n        <\/script>\n    \n\n\n\n<p><span style=\"font-size: 18px; \">H\u00e4r finns de tidigare vetenskapliga publikationerna <span style=\"font-size: 18px; \">baserade p\u00e5 data <\/span>fr\u00e5n Svenska barncancerregistret.<\/span><\/p>\n\n\n\n<p><a style=\"color: #2d68c4;\" href=\"https:\/\/cceg.ki.se\/documents\/publikationer_2022.pdf\" target=\"_blank\" rel=\"noreferrer noopener\">Publikationer 2022<\/a><\/p>\n\n\n\n<p><a rel=\"noreferrer noopener\" href=\"https:\/\/cceg.ki.se\/documents\/publikationer_2021.pdf\" target=\"_blank\" style=\"color: #2d68c4;\">Publikationer 2021<\/a><\/p>\n\n\n\n<p><a href=\"https:\/\/cceg.ki.se\/documents\/publikationer_2020.pdf\" target=\"_blank\" rel=\"noreferrer noopener\" style=\"color: #2d68c4;\">Publikationer 2020<\/a><\/p>\n\n\n\n<p><a href=\"https:\/\/cceg.ki.se\/documents\/Publikationer_2019.pdf\" target=\"_blank\" rel=\"noreferrer noopener\" style=\"color: #2d68c4;\">Publikationer 2019<\/a><\/p>\n\n\n\n<p><a rel=\"noreferrer noopener\" href=\"https:\/\/cceg.ki.se\/documents\/Publikationer_2018.pdf\" target=\"_blank\" style=\"color: #2d68c4;\">Publikationer 2018<\/a><\/p>\n","protected":false},"excerpt":{"rendered":"<p>H\u00e4r finns de tidigare vetenskapliga publikationerna baserade p\u00e5 data fr\u00e5n Svenska barncancerregistret. Publikationer 2022 Publikationer 2021 Publikationer 2020 Publikationer 2019 Publikationer 2018<\/p>\n","protected":false},"author":1,"featured_media":0,"parent":179,"menu_order":0,"comment_status":"closed","ping_status":"closed","template":"","meta":{"iawp_total_views":50,"footnotes":""},"class_list":["post-3831","page","type-page","status-publish","hentry"],"_links":{"self":[{"href":"https:\/\/sbcr.se\/index.php\/wp-json\/wp\/v2\/pages\/3831","targetHints":{"allow":["GET"]}}],"collection":[{"href":"https:\/\/sbcr.se\/index.php\/wp-json\/wp\/v2\/pages"}],"about":[{"href":"https:\/\/sbcr.se\/index.php\/wp-json\/wp\/v2\/types\/page"}],"author":[{"embeddable":true,"href":"https:\/\/sbcr.se\/index.php\/wp-json\/wp\/v2\/users\/1"}],"replies":[{"embeddable":true,"href":"https:\/\/sbcr.se\/index.php\/wp-json\/wp\/v2\/comments?post=3831"}],"version-history":[{"count":10,"href":"https:\/\/sbcr.se\/index.php\/wp-json\/wp\/v2\/pages\/3831\/revisions"}],"predecessor-version":[{"id":4045,"href":"https:\/\/sbcr.se\/index.php\/wp-json\/wp\/v2\/pages\/3831\/revisions\/4045"}],"up":[{"embeddable":true,"href":"https:\/\/sbcr.se\/index.php\/wp-json\/wp\/v2\/pages\/179"}],"wp:attachment":[{"href":"https:\/\/sbcr.se\/index.php\/wp-json\/wp\/v2\/media?parent=3831"}],"curies":[{"name":"wp","href":"https:\/\/api.w.org\/{rel}","templated":true}]}}