{"id":362,"date":"2019-02-18T13:46:55","date_gmt":"2019-02-18T12:46:55","guid":{"rendered":"http:\/\/child3.ki.se\/wordpress\/?page_id=362"},"modified":"2026-02-25T09:41:59","modified_gmt":"2026-02-25T08:41:59","slug":"kontakt","status":"publish","type":"page","link":"https:\/\/sbcr.se\/index.php\/om-sbcr\/kontakt\/","title":{"rendered":"Kontakt"},"content":{"rendered":"<button id=\"listenButton1\" class=\"responsivevoice-button\" type=\"button\" value=\"Play\" title=\"ResponsiveVoice Tap to Start\/Stop Speech\"><span>&#128266; Lyssna<\/span><\/button>\n        <script>\n            listenButton1.onclick = function(){\n                if(responsiveVoice.isPlaying()){\n                    responsiveVoice.cancel();\n                }else{\n                    responsiveVoice.speak(\"Registerh\u00e5llare Kleopatra Georgantzi, Anknuten till Forskning, StockholmSvenska BarncancerregistretE-post: kleopatra.georgantzi@ki.seTelefon:\u00a008-524 860 49 Kontaktuppgifter SBCR Svenska BarncancerregistretBarncancerforskningsenhetenInstitutionen f\u00f6r kvinnors och barns h\u00e4lsaKarolinska InstitutetTomtebodav\u00e4gen 18 A171 77 Stockholm E-post:svenska-barncancerregistret@kbh.ki.seTelefon:08-524800 00 (v\u00e4xel) Styrgrupp Styrgruppen f\u00f6r Svenska Barncancerregistret har en bred representation fr\u00e5n professionen och leds av registerh\u00e5llaren. Medlemmarna finns nedan under Om SBCR. Om SBCR Moduler i SBCR Svenska Barncancerregistret best\u00e5r av \u00e5tta olika moduler varav fem diagnosmoduler och tre uppf\u00f6ljningsmoduler. Leukemier ALL, AML, KML CNS-tum\u00f6rer VCTB Solida tum\u00f6rer VSTB Lymfom HODGKIN och NON-HODGKIN Hematologi VPH L\u00e5ngtidsuppf\u00f6ljning SALUB Str\u00e5lning RADTOX Rehabilitering SAREB Kontaktuppgifter till centralt personuppgiftsansvarig, CPUA Karolinska Universitetssjukhuset har centralt personuppgiftsansvar f\u00f6r Svenska Barncancerregistret. Dit kan du som \u00e4r registrerad v\u00e4nda dig f\u00f6r fr\u00e5gor om dina uppgifter och r\u00e4ttigheter. DataskyddsombudetKarolinska Universitetssjukhuset171 76 Stockholm E-post:dataskyddsombud.karolinska@regionstockholm.seTelefon:08-123700 00 (v\u00e4xel) Lokalt personuppgiftsansvariga v\u00e5rdgivare Sahlgrenska Universitetssjukhuset i G\u00f6teborg Universitetssjukhuset i Link\u00f6ping Universitetssjukhuset i Lund Karolinska Universitetssjukhuset i Stockholm Norrlands universitetssjukhus i Ume\u00e5 Akademiska sjukhuset i Uppsala Systemleverant\u00f6r Svenska Barncancerregistret har liksom flera kvalitetsregister inom cancer databasen INCA hos Regionalt Cancercentrum V\u00e4st i G\u00f6teborg. INCA, RCC V\u00e4st, G\u00f6teborg. Regionala Cancercentrum i samverkan Nationellt kvalitetsregister f\u00f6r barncancer, RCC Tidigare systemleverant\u00f6r Fr\u00e5n starten hanterades databasen f\u00f6r Svenska Barncanceregistret hos CCEG vid Karolinska Institutet. Sedan 2020 har kvalitetsregistret successivt flyttats \u00f6ver till RCC V\u00e4st. Childhood Cancer Epidemiology Group, CCEG, Karolinska Institutet, Stockholm. Childhood Cancer Epidemiology Group\", \"Swedish Female\");\n                }\n            };\n        <\/script>\n    \n\n\n\n<h2 class=\"wp-block-heading\">Registerh\u00e5llare<\/h2>\n\n\n\n<div class=\"wp-block-columns is-layout-flex wp-container-core-columns-is-layout-9d6595d7 wp-block-columns-is-layout-flex\">\n<div class=\"wp-block-column is-layout-flow wp-block-column-is-layout-flow\" style=\"flex-basis:100%\">\n<div class=\"wp-block-media-text alignwide is-stacked-on-mobile is-vertically-aligned-center is-style-default\" style=\"grid-template-columns:18% auto\"><figure class=\"wp-block-media-text__media\"><img loading=\"lazy\" decoding=\"async\" width=\"270\" height=\"360\" src=\"https:\/\/sbcr.se\/wp-content\/uploads\/2026\/02\/clary.png\" alt=\"\" class=\"wp-image-5010 size-full\" srcset=\"https:\/\/sbcr.se\/wp-content\/uploads\/2026\/02\/clary.png 270w, https:\/\/sbcr.se\/wp-content\/uploads\/2026\/02\/clary-225x300.png 225w, https:\/\/sbcr.se\/wp-content\/uploads\/2026\/02\/clary-113x150.png 113w\" sizes=\"auto, (max-width: 270px) 100vw, 270px\" \/><\/figure><div class=\"wp-block-media-text__content\">\n<p><\/p>\n<\/div><\/div>\n<\/div>\n<\/div>\n\n\n\n<p>Kleopatra Georgantzi, Anknuten till Forskning, Stockholm<br>Svenska Barncancerregistret<br>E-post: <a style=\"color: #2d68c4;\" href=\"mailto:kleopatra.georgantzi@ki.se@ki.se\" target=\"_blank\" rel=\"noreferrer noopener\"><\/a><a href=\"mailto:kleopatra.georgantzi@ki.se\">kleopatra.georgantzi@ki.se<\/a><br>Telefon:\u00a0<a href=\"+46 (0)8 524 860 49\" target=\"_blank\" rel=\"noreferrer noopener\">08-524 860 49<\/a><\/p>\n\n\n\n<h2 class=\"wp-block-heading\">Kontaktuppgifter SBCR<\/h2>\n\n\n\n<p>Svenska Barncancerregistret<br>Barncancerforskningsenheten<br>Institutionen f\u00f6r kvinnors och barns h\u00e4lsa<br>Karolinska Institutet<br>Tomtebodav\u00e4gen 18 A<br>171 77 Stockholm<\/p>\n\n\n\n<p>E-post:&nbsp;<a rel=\"noreferrer noopener\" style=\"color: #2d68c4;\" href=\"mailto:svenska-barncancerregistret@kbh.ki.se\" target=\"_blank\">svenska-barncancerregistret@kbh.ki.se<\/a><br>Telefon:&nbsp;<a rel=\"noreferrer noopener\" href=\"phone:0852480000\" target=\"_blank\">08-524&nbsp;800 00 (v\u00e4xel)<\/a><\/p>\n\n\n\n<h2 class=\"wp-block-heading\">Styrgrupp<\/h2>\n\n\n\n<p>Styrgruppen f\u00f6r Svenska Barncancerregistret har en bred representation fr\u00e5n professionen och leds av registerh\u00e5llaren. Medlemmarna finns nedan under Om SBCR. <\/p>\n\n\n\n<div class=\"wp-block-buttons is-layout-flex wp-block-buttons-is-layout-flex\">\n<div class=\"wp-block-button is-style-outline is-style-outline--1\"><a class=\"wp-block-button__link wp-element-button\" href=\"https:\/\/sbcr.se\/index.php\/om-svenska-barncancerregistret\/\">Om SBCR<\/a><\/div>\n<\/div>\n\n\n\n<p><br> <\/p>\n\n\n\n<h2 class=\"wp-block-heading\">Moduler i SBCR<\/h2>\n\n\n\n<p>Svenska Barncancerregistret best\u00e5r av \u00e5tta olika moduler varav fem diagnosmoduler och tre uppf\u00f6ljningsmoduler.<\/p>\n\n\n\n<div class=\"wp-block-columns is-layout-flex wp-container-core-columns-is-layout-9d6595d7 wp-block-columns-is-layout-flex\">\n<div class=\"wp-block-column is-layout-flow wp-block-column-is-layout-flow\" style=\"flex-basis:100%\">\n<div class=\"wp-block-buttons is-layout-flex wp-block-buttons-is-layout-flex\">\n<div class=\"wp-block-button is-style-outline is-style-outline--2\"><a class=\"wp-block-button__link has-custom-font-size wp-element-button\" href=\"https:\/\/sbcr.se\/index.php\/vardgivare\/leukemier\/\" style=\"font-size:12px\">Leukemier <br>ALL, AML, KML<\/a><\/div>\n\n\n\n<div class=\"wp-block-button is-style-outline is-style-outline--3\"><a class=\"wp-block-button__link has-small-font-size has-custom-font-size wp-element-button\" href=\"https:\/\/sbcr.se\/index.php\/vardgivare\/vctb\/\">CNS-tum\u00f6rer <br>VCTB<\/a><\/div>\n\n\n\n<div class=\"wp-block-button is-style-outline is-style-outline--4\"><a class=\"wp-block-button__link has-small-font-size has-custom-font-size wp-element-button\" href=\"https:\/\/sbcr.se\/index.php\/vardgivare\/vstb\/\">Solida tum\u00f6rer <br>VSTB<\/a><\/div>\n\n\n\n<div class=\"wp-block-button is-style-outline is-style-outline--5\"><a class=\"wp-block-button__link has-small-font-size has-custom-font-size wp-element-button\" href=\"https:\/\/sbcr.se\/index.php\/lymfom\/\">Lymfom HODGKIN <br>och NON-HODGKIN<\/a><\/div>\n\n\n\n<div class=\"wp-block-button is-style-outline is-style-outline--6\"><a class=\"wp-block-button__link has-small-font-size has-custom-font-size wp-element-button\" href=\"https:\/\/sbcr.se\/index.php\/vardgivare\/vph\/\">Hematologi <br>VPH<\/a><\/div>\n\n\n\n<div class=\"wp-block-button is-style-outline is-style-outline--7\"><a class=\"wp-block-button__link has-small-font-size has-custom-font-size wp-element-button\" href=\"https:\/\/sbcr.se\/index.php\/vardgivare\/salub\/\">L\u00e5ngtidsuppf\u00f6ljning <br>SALUB<\/a><\/div>\n\n\n\n<div class=\"wp-block-button is-style-outline is-style-outline--8\"><a class=\"wp-block-button__link has-small-font-size has-custom-font-size wp-element-button\" href=\"https:\/\/sbcr.se\/index.php\/vardgivare\/radtox\/\">Str\u00e5lning <br>RADTOX<\/a><\/div>\n\n\n\n<div class=\"wp-block-button is-style-outline is-style-outline--9\"><a class=\"wp-block-button__link has-custom-font-size wp-element-button\" href=\"https:\/\/sbcr.se\/index.php\/vardgivare\/sareb\/\" style=\"font-size:12px\">Rehabilitering <br>SAREB<\/a><\/div>\n<\/div>\n<\/div>\n<\/div>\n\n\n\n<p><\/p>\n\n\n\n<h2 class=\"wp-block-heading\">Kontaktuppgifter till centralt personuppgiftsansvarig, CPUA<\/h2>\n\n\n\n<p>Karolinska Universitetssjukhuset har centralt personuppgiftsansvar f\u00f6r Svenska Barncancerregistret. Dit kan du som \u00e4r registrerad v\u00e4nda dig f\u00f6r fr\u00e5gor om dina uppgifter och r\u00e4ttigheter.<\/p>\n\n\n\n<p>Dataskyddsombudet<br>Karolinska Universitetssjukhuset<br>171 76 Stockholm<\/p>\n\n\n\n<p>E-post:&nbsp;<a rel=\"noreferrer noopener\" style=\"color: #2d68c4;\" href=\"mailto:dataskyddsombud.karolinska@regionstockholm.se\" target=\"_blank\">dataskyddsombud.karolinska@regionstockholm.se<\/a><br>Telefon:&nbsp;<a href=\"phone:0851770000\">08-123&nbsp;700 00 (v\u00e4xel)<\/a><\/p>\n\n\n\n<h2 class=\"wp-block-heading\">Lokalt personuppgiftsansvariga v\u00e5rdgivare<\/h2>\n\n\n\n<ul class=\"wp-block-list\">\n<li>Sahlgrenska Universitetssjukhuset i G\u00f6teborg<\/li>\n\n\n\n<li>Universitetssjukhuset i Link\u00f6ping<\/li>\n\n\n\n<li>Universitetssjukhuset i Lund<\/li>\n\n\n\n<li>Karolinska Universitetssjukhuset i Stockholm<\/li>\n\n\n\n<li>Norrlands universitetssjukhus i  Ume\u00e5<\/li>\n\n\n\n<li>Akademiska sjukhuset i Uppsala<\/li>\n<\/ul>\n\n\n\n<h2 class=\"wp-block-heading\">Systemleverant\u00f6r<\/h2>\n\n\n\n<p>Svenska Barncancerregistret har liksom  flera kvalitetsregister inom cancer databasen INCA hos Regionalt Cancercentrum V\u00e4st i G\u00f6teborg.<\/p>\n\n\n\n<p>INCA, RCC V\u00e4st, G\u00f6teborg.<br><a rel=\"noreferrer noopener\" style=\"color: #2d68c4;\" href=\"https:\/\/cancercentrum.se\/\" target=\"_blank\"><img decoding=\"async\" src=\"https:\/\/sbcr.se\/wp-content\/uploads\/2023\/03\/link16x16.png\"> &nbsp;Regionala Cancercentrum i samverkan<\/a><br><a rel=\"noreferrer noopener\" style=\"color: #2d68c4;\" href=\"https:\/\/cancercentrum.se\/diagnosbehandling\/cancerdiagnoser\/barncancer\/kvalitetsregister.7366.html\" target=\"_blank\"><img decoding=\"async\" src=\"https:\/\/sbcr.se\/wp-content\/uploads\/2023\/03\/link16x16.png\"> &nbsp;Nationellt kvalitetsregister f\u00f6r barncancer, RCC<\/a><\/p>\n\n\n\n<h2 class=\"wp-block-heading\">Tidigare systemleverant\u00f6r<\/h2>\n\n\n\n<p>Fr\u00e5n starten hanterades databasen f\u00f6r Svenska Barncanceregistret hos CCEG vid Karolinska Institutet. Sedan 2020 har kvalitetsregistret successivt flyttats \u00f6ver till RCC V\u00e4st. <\/p>\n\n\n\n<p>Childhood Cancer Epidemiology Group, CCEG, Karolinska Institutet, Stockholm. <br><a rel=\"noreferrer noopener\" style=\"color: #2d68c4;\" href=\"https:\/\/cceg.ki.se\/\" target=\"_blank\"><img decoding=\"async\" src=\"https:\/\/sbcr.se\/wp-content\/uploads\/2023\/03\/link16x16.png\"> &nbsp;Childhood Cancer Epidemiology Group<\/a><\/p>\n\n\n\n<p><\/p>\n","protected":false},"excerpt":{"rendered":"<p>Registerh\u00e5llare Kleopatra Georgantzi, Anknuten till Forskning, StockholmSvenska BarncancerregistretE-post: kleopatra.georgantzi@ki.seTelefon:\u00a008-524 860 49 Kontaktuppgifter SBCR Svenska BarncancerregistretBarncancerforskningsenhetenInstitutionen f\u00f6r kvinnors och barns h\u00e4lsaKarolinska InstitutetTomtebodav\u00e4gen 18 A171 77 Stockholm E-post:&nbsp;svenska-barncancerregistret@kbh.ki.seTelefon:&nbsp;08-524&nbsp;800 00 (v\u00e4xel) Styrgrupp Styrgruppen f\u00f6r Svenska Barncancerregistret har en bred representation fr\u00e5n professionen och leds av registerh\u00e5llaren. Medlemmarna finns nedan under Om SBCR. Moduler i SBCR Svenska Barncancerregistret best\u00e5r &hellip; <\/p>\n<p class=\"link-more\"><a href=\"https:\/\/sbcr.se\/index.php\/om-sbcr\/kontakt\/\" class=\"more-link\">Forts\u00e4tt l\u00e4sa<span class=\"screen-reader-text\"> \u201dKontakt\u201d<\/span><\/a><\/p>\n","protected":false},"author":1,"featured_media":0,"parent":4767,"menu_order":0,"comment_status":"closed","ping_status":"closed","template":"","meta":{"iawp_total_views":499,"footnotes":""},"class_list":["post-362","page","type-page","status-publish","hentry"],"_links":{"self":[{"href":"https:\/\/sbcr.se\/index.php\/wp-json\/wp\/v2\/pages\/362","targetHints":{"allow":["GET"]}}],"collection":[{"href":"https:\/\/sbcr.se\/index.php\/wp-json\/wp\/v2\/pages"}],"about":[{"href":"https:\/\/sbcr.se\/index.php\/wp-json\/wp\/v2\/types\/page"}],"author":[{"embeddable":true,"href":"https:\/\/sbcr.se\/index.php\/wp-json\/wp\/v2\/users\/1"}],"replies":[{"embeddable":true,"href":"https:\/\/sbcr.se\/index.php\/wp-json\/wp\/v2\/comments?post=362"}],"version-history":[{"count":195,"href":"https:\/\/sbcr.se\/index.php\/wp-json\/wp\/v2\/pages\/362\/revisions"}],"predecessor-version":[{"id":5052,"href":"https:\/\/sbcr.se\/index.php\/wp-json\/wp\/v2\/pages\/362\/revisions\/5052"}],"up":[{"embeddable":true,"href":"https:\/\/sbcr.se\/index.php\/wp-json\/wp\/v2\/pages\/4767"}],"wp:attachment":[{"href":"https:\/\/sbcr.se\/index.php\/wp-json\/wp\/v2\/media?parent=362"}],"curies":[{"name":"wp","href":"https:\/\/api.w.org\/{rel}","templated":true}]}}