{"id":359,"date":"2019-02-18T13:46:55","date_gmt":"2019-02-18T13:46:55","guid":{"rendered":"http:\/\/child3.ki.se\/wordpress\/?page_id=359"},"modified":"2025-12-17T13:18:10","modified_gmt":"2025-12-17T12:18:10","slug":"tidigare-arsrapporter","status":"publish","type":"page","link":"https:\/\/sbcr.se\/index.php\/rapporter\/tidigare-arsrapporter\/","title":{"rendered":"Tidigare \u00e5rsrapporter"},"content":{"rendered":"<button id=\"listenButton1\" class=\"responsivevoice-button\" type=\"button\" value=\"Play\" title=\"ResponsiveVoice Tap to Start\/Stop Speech\"><span>&#128266; Lyssna<\/span><\/button>\n        <script>\n            listenButton1.onclick = function(){\n                if(responsiveVoice.isPlaying()){\n                    responsiveVoice.cancel();\n                }else{\n                    responsiveVoice.speak(\"H\u00e4r finns de tidigare \u00e5rsrapporterna f\u00f6r Svenska barncancerregistret till Sveriges Kommuner och Regioner, SKR. \u00c5rsrapporter SBCR \u00e5rsrapport 2023 SBCR \u00c5rsrapport 2022 SBCR \u00c5rsrapport 2021 SBCR \u00c5rsrapport 2020 SBCR \u00c5rsrapport 2019 SBCR \u00c5rsrapport 2018\", \"Swedish Female\");\n                }\n            };\n        <\/script>\n    \n\n\n\n<p><span style=\"font-size: 18px; \">H\u00e4r finns de tidigare \u00e5rsrapporterna f\u00f6r Svenska barncancerregistret till Sveriges Kommuner och Regioner, SKR.<\/span><\/p>\n\n\n\n<h5 class=\"wp-block-heading\">\u00c5rsrapporter<\/h5>\n\n\n\n<p><a style=\"color: #2d68c4;\" rel=\"noreferrer noopener\" href=\"https:\/\/cceg.ki.se\/documents\/Arsrapport_SBCR_2023.pdf\" target=\"_blank\">SBCR \u00e5rsrapport 2023<\/a><\/p>\n\n\n\n<p><a style=\"color: #2d68c4;\" href=\"https:\/\/cceg.ki.se\/documents\/Arsrapport_SBCR_2022.pdf\" data-type=\"URL\" data-id=\"https:\/\/cceg.ki.se\/documents\/arsrapport SBCR_2022.pdf\" target=\"_blank\" rel=\"noreferrer noopener\">SBCR \u00c5rsrapport 2022<\/a><\/p>\n\n\n\n<p><a href=\"https:\/\/cceg.ki.se\/documents\/arsrapport SBCR_aret_2021.pdf\" data-type=\"URL\" data-id=\"https:\/\/cceg.ki.se\/documents\/arsrapport SBCR_aret_2021.pdf\" target=\"_blank\" rel=\"noreferrer noopener\" style=\"color: #2d68c4;\">SBCR \u00c5rsrapport 2021<\/a><\/p>\n\n\n\n<p><a rel=\"noreferrer noopener\" href=\"https:\/\/cceg.ki.se\/documents\/Arsrapport_SBCR_2020.pdf\" target=\"_blank\" style=\"color: #2d68c4;\">SBCR \u00c5rsrapport 2020<\/a><\/p>\n\n\n\n<p><a rel=\"noreferrer noopener\" href=\"https:\/\/cceg.ki.se\/documents\/Arsrapport_SBCR_2019.pdf\" target=\"_blank\" style=\"color: #2d68c4;\">SBCR \u00c5rsrapport 2019<\/a><\/p>\n\n\n\n<p><a rel=\"noreferrer noopener\" href=\"https:\/\/www.cceg.ki.se\/documents\/Arsrapport_SBCR_2018_SBCRhemsida.pdf\" target=\"_blank\" style=\"color: #2d68c4;\">SBCR \u00c5rsrapport 2018<\/a><\/p>\n\n\n\n<p><\/p>\n","protected":false},"excerpt":{"rendered":"<p>H\u00e4r finns de tidigare \u00e5rsrapporterna f\u00f6r Svenska barncancerregistret till Sveriges Kommuner och Regioner, SKR. \u00c5rsrapporter SBCR \u00e5rsrapport 2023 SBCR \u00c5rsrapport 2022 SBCR \u00c5rsrapport 2021 SBCR \u00c5rsrapport 2020 SBCR \u00c5rsrapport 2019 SBCR \u00c5rsrapport 2018<\/p>\n","protected":false},"author":1,"featured_media":0,"parent":179,"menu_order":0,"comment_status":"closed","ping_status":"closed","template":"","meta":{"iawp_total_views":73,"footnotes":""},"class_list":["post-359","page","type-page","status-publish","hentry"],"_links":{"self":[{"href":"https:\/\/sbcr.se\/index.php\/wp-json\/wp\/v2\/pages\/359","targetHints":{"allow":["GET"]}}],"collection":[{"href":"https:\/\/sbcr.se\/index.php\/wp-json\/wp\/v2\/pages"}],"about":[{"href":"https:\/\/sbcr.se\/index.php\/wp-json\/wp\/v2\/types\/page"}],"author":[{"embeddable":true,"href":"https:\/\/sbcr.se\/index.php\/wp-json\/wp\/v2\/users\/1"}],"replies":[{"embeddable":true,"href":"https:\/\/sbcr.se\/index.php\/wp-json\/wp\/v2\/comments?post=359"}],"version-history":[{"count":41,"href":"https:\/\/sbcr.se\/index.php\/wp-json\/wp\/v2\/pages\/359\/revisions"}],"predecessor-version":[{"id":4977,"href":"https:\/\/sbcr.se\/index.php\/wp-json\/wp\/v2\/pages\/359\/revisions\/4977"}],"up":[{"embeddable":true,"href":"https:\/\/sbcr.se\/index.php\/wp-json\/wp\/v2\/pages\/179"}],"wp:attachment":[{"href":"https:\/\/sbcr.se\/index.php\/wp-json\/wp\/v2\/media?parent=359"}],"curies":[{"name":"wp","href":"https:\/\/api.w.org\/{rel}","templated":true}]}}