{"id":358,"date":"2019-02-18T13:46:55","date_gmt":"2019-02-18T13:46:55","guid":{"rendered":"http:\/\/child3.ki.se\/wordpress\/?page_id=358"},"modified":"2025-12-18T13:47:56","modified_gmt":"2025-12-18T12:47:56","slug":"vardgivare","status":"publish","type":"page","link":"https:\/\/sbcr.se\/index.php\/for-vardgivare\/vardgivare\/","title":{"rendered":"V\u00e5rdgivare"},"content":{"rendered":"<button id=\"listenButton1\" class=\"responsivevoice-button\" type=\"button\" value=\"Play\" title=\"ResponsiveVoice Tap to Start\/Stop Speech\"><span>&#128266; Lyssna<\/span><\/button>\n        <script>\n            listenButton1.onclick = function(){\n                if(responsiveVoice.isPlaying()){\n                    responsiveVoice.cancel();\n                }else{\n                    responsiveVoice.speak(\"F\u00f6r dig som v\u00e5rdgivare H\u00e4r finns information och hj\u00e4lpmaterial f\u00f6r dig som v\u00e5rdgivare och anv\u00e4ndare av Svenska Barncancerregistret. Moduler i SBCR Leukemier ALL, AML, KML CNS-tum\u00f6rer VCTB Solida tum\u00f6rer VSTB Lymfom HODGKIN och NON-HODGKIN Hematologi VPH L\u00e5ngtidsuppf\u00f6ljning SALUB Str\u00e5lning RADTOX Rehabilitering SAREB Patientinformation Alla patienter som registreras i nationella kvalitetsregistret Svenska Barncancerregistret, SBCR ska f\u00e5 skriftlig information om att de registreras i kvalitetsregistret. De har alternativet att neka registrering s\u00e5 kallad Opt\/Out. Patientinformation Svenska Barncancerregistret Anv\u00e4ndarbeh\u00f6righet till INCA Om inloggning till INCA f\u00f6r webbinrapportering L\u00e4nkar till Regionala Cancercentrum, RCC Nationellt kvalitetsregister f\u00f6r barncancer, INCA, RCC V\u00e4st Canceranm\u00e4lan Den lagstadgade Canceranm\u00e4lan till Socialstyrelsen g\u00f6rs idag direkt via INCA. Det g\u00e5r att v\u00e4lja p\u00e5 att registrera enbart canceranm\u00e4lan, canceranm\u00e4lan och kvalitetsregister och enbart kvalitetsregister f\u00f6r eventuell efterregistrering. Elektronisk canceranm\u00e4lan via INCA Cancerregistret vid Socialstyrelsen Uppf\u00f6ljning i diagnosmodul (Follow-up) Det \u00e4r viktigt att f\u00f6lja upp individerna i registret regelbundet efter behandling. En \u00e5rlig strukturerad uppf\u00f6ljning (Follow-up) g\u00f6rs efter behandlingsavslut i diagnosmodulerna under FoU-flik upp till 18 \u00e5rs \u00e5lder. Uppf\u00f6ljningen g\u00f6rs utifr\u00e5n journal. Ett hj\u00e4lpverktyg med listfunktion som listar de som inte haft uppf\u00f6ljning p\u00e5 ett \u00e5r finns i registret. Funktionen heter Bevakning uppf\u00f6ljningsregistreringar och finns i v\u00e4nstermenyn efter inloggning i INCA. F\u00f6rb\u00e4ttringsarbete Svenska Barncancerregistret, SBCR arbetar kontinuerligt med f\u00f6rb\u00e4ttringsarbete av registerdata. Registret har flera hj\u00e4lpverktyg f\u00f6r ifyllnadsgrad, kontrollrapport och bevakning av Follow-up. Dokument Patientinformation \u00c5rsrapporter och publikationer Kontaktuppgifter till SBCR Kontakt Statistik SBCR Statistik\", \"Swedish Female\");\n                }\n            };\n        <\/script>\n    \n\n\n\n<h2 class=\"wp-block-heading\">F\u00f6r dig som v\u00e5rdgivare<\/h2>\n\n\n\n<p><span style=\"font-size: 18px; \">H\u00e4r finns information och hj\u00e4lpmaterial f\u00f6r dig som v\u00e5rdgivare och anv\u00e4ndare av Svenska Barncancerregistret.<\/span><br><\/p>\n\n\n\n<h2 class=\"wp-block-heading has-text-align-left\">Moduler i SBCR<\/h2>\n\n\n\n<div class=\"wp-block-columns is-layout-flex wp-container-core-columns-is-layout-9d6595d7 wp-block-columns-is-layout-flex\">\n<div class=\"wp-block-column has-small-font-size is-layout-flow wp-block-column-is-layout-flow\" style=\"flex-basis:80%\">\n<div class=\"wp-block-buttons is-layout-flex wp-block-buttons-is-layout-flex\">\n<div class=\"wp-block-button is-style-outline is-style-outline--1\"><a class=\"wp-block-button__link has-black-color has-text-color has-small-font-size has-custom-font-size wp-element-button\" href=\"https:\/\/sbcr.se\/index.php\/vardgivare\/leukemier\/\">Leukemier <br>ALL, AML, KML<\/a><\/div>\n\n\n\n<div class=\"wp-block-button is-style-outline is-style-outline--2\"><a class=\"wp-block-button__link has-custom-font-size wp-element-button\" href=\"https:\/\/sbcr.se\/index.php\/vardgivare\/vctb\/\" style=\"font-size:13px\">CNS-tum\u00f6rer <br>VCTB<\/a><\/div>\n\n\n\n<div class=\"wp-block-button is-style-outline is-style-outline--3\"><a class=\"wp-block-button__link has-small-font-size has-custom-font-size wp-element-button\" href=\"https:\/\/sbcr.se\/index.php\/vardgivare\/vstb\/\">Solida tum\u00f6rer <br>VSTB<\/a><\/div>\n\n\n\n<div class=\"wp-block-button is-style-outline is-style-outline--4\"><a class=\"wp-block-button__link has-small-font-size has-custom-font-size wp-element-button\" href=\"https:\/\/sbcr.se\/index.php\/lymfom\/\">Lymfom HODGKIN <br>och NON-HODGKIN<\/a><\/div>\n\n\n\n<div class=\"wp-block-button is-style-outline is-style-outline--5\"><a class=\"wp-block-button__link has-small-font-size has-custom-font-size wp-element-button\" href=\"https:\/\/sbcr.se\/index.php\/vardgivare\/vph\/\">Hematologi <br>VPH<\/a><\/div>\n\n\n\n<div class=\"wp-block-button is-style-outline is-style-outline--6\"><a class=\"wp-block-button__link has-small-font-size has-custom-font-size wp-element-button\" href=\"https:\/\/sbcr.se\/index.php\/vardgivare\/salub\/\">L\u00e5ngtidsuppf\u00f6ljning <br>SALUB<\/a><\/div>\n\n\n\n<div class=\"wp-block-button is-style-outline is-style-outline--7\"><a class=\"wp-block-button__link has-small-font-size has-custom-font-size wp-element-button\" href=\"https:\/\/sbcr.se\/index.php\/vardgivare\/radtox\/\">Str\u00e5lning <br>RADTOX<\/a><\/div>\n\n\n\n<div class=\"wp-block-button is-style-outline is-style-outline--8\"><a class=\"wp-block-button__link has-custom-font-size wp-element-button\" href=\"https:\/\/sbcr.se\/index.php\/vardgivare\/sareb\/\" style=\"font-size:12px\">Rehabilitering <br>SAREB<\/a><\/div>\n<\/div>\n<\/div>\n<\/div>\n\n\n\n<p><\/p>\n\n\n\n<h2 class=\"wp-block-heading\">Patientinformation<\/h2>\n\n\n\n<p>Alla patienter som registreras i nationella kvalitetsregistret Svenska Barncancerregistret, SBCR ska f\u00e5 skriftlig information om att de registreras i kvalitetsregistret. De har alternativet att neka registrering s\u00e5 kallad Opt\/Out.  <\/p>\n\n\n\n<p><a style=\"color: #2d68c4;\" href=\"https:\/\/sbcr.se\/index.php\/for-dig-som-ingar-i-registret\/for-registrerare\/\/\">Patientinformation Svenska Barncancerregistret<\/a><\/p>\n\n\n\n<p>&nbsp;<\/p>\n\n\n\n<p><\/p>\n\n\n\n<h2 class=\"wp-block-heading\">Anv\u00e4ndarbeh\u00f6righet till INCA<\/h2>\n\n\n\n<p><a rel=\"noreferrer noopener\" style=\"color: #2d68c4;\" href=\"https:\/\/cancercentrum.se\/samverkan\/vara-uppdrag\/kunskapsstyrning\/kvalitetsregister\/stod-for-kvalitetsregister\/om-inloggning\/\" target=\"_blank\"><img decoding=\"async\" src=\"https:\/\/sbcr.se\/wp-content\/uploads\/2023\/03\/link16x16.png\"> &nbsp;Om inloggning till INCA f\u00f6r webbinrapportering<\/a> <\/p>\n\n\n\n<p>&nbsp;<\/p>\n\n\n\n<h2 class=\"wp-block-heading\">L\u00e4nkar till Regionala Cancercentrum, RCC<\/h2>\n\n\n\n<p><a rel=\"noreferrer noopener\" href=\"https:\/\/cancercentrum.se\/diagnosbehandling\/cancerdiagnoser\/barncancer\/kvalitetsregister.7366.html\" target=\"_blank\" style=\"color: #2d68c4;\"><img decoding=\"async\" src=\"https:\/\/sbcr.se\/wp-content\/uploads\/2023\/03\/link16x16.png\"> &nbsp;Nationellt kvalitetsregister f\u00f6r barncancer, INCA, RCC V\u00e4st<\/a><\/p>\n\n\n\n<p>&nbsp; <\/p>\n\n\n\n<h2 class=\"wp-block-heading\">Canceranm\u00e4lan<\/h2>\n\n\n\n<p>Den lagstadgade Canceranm\u00e4lan till Socialstyrelsen g\u00f6rs idag direkt via INCA. Det g\u00e5r att v\u00e4lja p\u00e5 att registrera enbart canceranm\u00e4lan, canceranm\u00e4lan och kvalitetsregister och enbart kvalitetsregister f\u00f6r eventuell efterregistrering.<\/p>\n\n\n\n<p><a rel=\"noreferrer noopener\" style=\"color: #2d68c4;\" href=\"https:\/\/cancercentrum.se\/\" data-type=\"URL\" data-id=\"https:\/\/cancercentrum.se\/samverkan\/om-oss\/nyheter\/arkiv-nyheter\/2018\/april\/nu-kan-canceranmalan-goras-elektroniskt\/\" target=\"_blank\"><img decoding=\"async\" src=\"https:\/\/sbcr.se\/wp-content\/uploads\/2023\/03\/link16x16.png\"> &nbsp;Elektronisk canceranm\u00e4lan via INCA<\/a><\/p>\n\n\n\n<p><a rel=\"noreferrer noopener\" href=\"https:\/\/cancercentrum.se\/samverkan\/om-oss\/nyheter\/arkiv-nyheter\/2018\/april\/nu-kan-canceranmalan-goras-elektroniskt\/\" data-type=\"URL\" data-id=\"https:\/\/cancercentrum.se\/samverkan\/om-oss\/nyheter\/arkiv-nyheter\/2018\/april\/nu-kan-canceranmalan-goras-elektroniskt\/\" target=\"_blank\"><img decoding=\"async\" src=\"https:\/\/sbcr.se\/wp-content\/uploads\/2023\/03\/link16x16.png\"> <\/a><a href=\"https:\/\/www.socialstyrelsen.se\/statistik-och-data\/register\/cancerregistret\/\" data-type=\"URL\" data-id=\"https:\/\/www.socialstyrelsen.se\/statistik-och-data\/register\/cancerregistret\/\" target=\"_blank\" rel=\"noreferrer noopener\" style=\"color: #2d68c4;\">&nbsp;Cancerregistret vid Socialstyrelsen<\/a><\/p>\n\n\n\n<p>&nbsp;<\/p>\n\n\n\n<h2 class=\"wp-block-heading\">Uppf\u00f6ljning i diagnosmodul (Follow-up)<\/h2>\n\n\n\n<p>Det \u00e4r viktigt att f\u00f6lja upp individerna i registret regelbundet efter behandling. En \u00e5rlig strukturerad uppf\u00f6ljning (Follow-up) g\u00f6rs efter behandlingsavslut i diagnosmodulerna under FoU-flik upp till 18 \u00e5rs \u00e5lder. Uppf\u00f6ljningen g\u00f6rs utifr\u00e5n journal.<\/p>\n\n\n\n<p>Ett hj\u00e4lpverktyg med listfunktion som listar de som inte haft uppf\u00f6ljning p\u00e5 ett \u00e5r finns i registret. Funktionen heter Bevakning uppf\u00f6ljningsregistreringar och finns i v\u00e4nstermenyn efter inloggning i INCA.<\/p>\n\n\n\n<p>&nbsp;<\/p>\n\n\n\n<h2 class=\"wp-block-heading\">F\u00f6rb\u00e4ttringsarbete<\/h2>\n\n\n\n<p>Svenska Barncancerregistret, SBCR arbetar kontinuerligt med f\u00f6rb\u00e4ttringsarbete av registerdata. Registret har flera hj\u00e4lpverktyg f\u00f6r ifyllnadsgrad, kontrollrapport och bevakning av Follow-up.<\/p>\n\n\n\n<p>&nbsp;<\/p>\n\n\n\n<details class=\"wp-block-details is-layout-flow wp-block-details-is-layout-flow\"><summary>Dokument<\/summary>\n<p><\/p>\n\n\n\n<div class=\"wp-block-buttons is-layout-flex wp-block-buttons-is-layout-flex\">\n<div class=\"wp-block-button is-style-outline is-style-outline--9\"><a class=\"wp-block-button__link wp-element-button\" href=\"https:\/\/sbcr.se\/index.php\/for-registrerare\/\">Patientinformation<\/a><\/div>\n\n\n\n<div class=\"wp-block-button is-style-outline is-style-outline--10\"><a class=\"wp-block-button__link wp-element-button\" href=\"https:\/\/sbcr.se\/index.php\/rapporter\/rapporter\/\">\u00c5rsrapporter och publikationer<\/a><\/div>\n<\/div>\n\n\n\n<p><br><\/p>\n<\/details>\n\n\n\n<details class=\"wp-block-details is-layout-flow wp-block-details-is-layout-flow\"><summary>Kontaktuppgifter till SBCR<\/summary>\n<p><\/p>\n\n\n\n<div class=\"wp-block-buttons is-layout-flex wp-block-buttons-is-layout-flex\">\n<div class=\"wp-block-button is-style-outline is-style-outline--11\"><a class=\"wp-block-button__link wp-element-button\" href=\"https:\/\/sbcr.se\/index.php\/kontakt\/\">Kontakt<\/a><\/div>\n<\/div>\n\n\n\n<p><\/p>\n<\/details>\n\n\n\n<details class=\"wp-block-details is-layout-flow wp-block-details-is-layout-flow\"><summary>Statistik SBCR<\/summary>\n<p><\/p>\n\n\n\n<div class=\"wp-block-buttons is-layout-flex wp-block-buttons-is-layout-flex\">\n<div class=\"wp-block-button is-style-outline is-style-outline--12\"><a class=\"wp-block-button__link wp-element-button\" href=\"https:\/\/sbcr.se\/index.php\/statistik\/\">Statistik<\/a><\/div>\n<\/div>\n\n\n\n<p><br><\/p>\n<\/details>\n\n\n\n<p>&nbsp;<\/p>\n","protected":false},"excerpt":{"rendered":"<p>F\u00f6r dig som v\u00e5rdgivare H\u00e4r finns information och hj\u00e4lpmaterial f\u00f6r dig som v\u00e5rdgivare och anv\u00e4ndare av Svenska Barncancerregistret. Moduler i SBCR Patientinformation Alla patienter som registreras i nationella kvalitetsregistret Svenska Barncancerregistret, SBCR ska f\u00e5 skriftlig information om att de registreras i kvalitetsregistret. De har alternativet att neka registrering s\u00e5 kallad Opt\/Out. Patientinformation Svenska Barncancerregistret &nbsp; &hellip; <\/p>\n<p class=\"link-more\"><a href=\"https:\/\/sbcr.se\/index.php\/for-vardgivare\/vardgivare\/\" class=\"more-link\">Forts\u00e4tt l\u00e4sa<span class=\"screen-reader-text\"> \u201dV\u00e5rdgivare\u201d<\/span><\/a><\/p>\n","protected":false},"author":1,"featured_media":0,"parent":4774,"menu_order":0,"comment_status":"closed","ping_status":"closed","template":"","meta":{"iawp_total_views":332,"footnotes":""},"class_list":["post-358","page","type-page","status-publish","hentry"],"_links":{"self":[{"href":"https:\/\/sbcr.se\/index.php\/wp-json\/wp\/v2\/pages\/358","targetHints":{"allow":["GET"]}}],"collection":[{"href":"https:\/\/sbcr.se\/index.php\/wp-json\/wp\/v2\/pages"}],"about":[{"href":"https:\/\/sbcr.se\/index.php\/wp-json\/wp\/v2\/types\/page"}],"author":[{"embeddable":true,"href":"https:\/\/sbcr.se\/index.php\/wp-json\/wp\/v2\/users\/1"}],"replies":[{"embeddable":true,"href":"https:\/\/sbcr.se\/index.php\/wp-json\/wp\/v2\/comments?post=358"}],"version-history":[{"count":201,"href":"https:\/\/sbcr.se\/index.php\/wp-json\/wp\/v2\/pages\/358\/revisions"}],"predecessor-version":[{"id":4987,"href":"https:\/\/sbcr.se\/index.php\/wp-json\/wp\/v2\/pages\/358\/revisions\/4987"}],"up":[{"embeddable":true,"href":"https:\/\/sbcr.se\/index.php\/wp-json\/wp\/v2\/pages\/4774"}],"wp:attachment":[{"href":"https:\/\/sbcr.se\/index.php\/wp-json\/wp\/v2\/media?parent=358"}],"curies":[{"name":"wp","href":"https:\/\/api.w.org\/{rel}","templated":true}]}}