{"id":2853,"date":"2023-04-26T16:38:15","date_gmt":"2023-04-26T14:38:15","guid":{"rendered":"https:\/\/sbcr.se\/?page_id=2853"},"modified":"2025-10-21T12:22:46","modified_gmt":"2025-10-21T10:22:46","slug":"sareb","status":"publish","type":"page","link":"https:\/\/sbcr.se\/index.php\/for-vardgivare\/sareb\/","title":{"rendered":"Modul SAREB"},"content":{"rendered":"<button id=\"listenButton1\" class=\"responsivevoice-button\" type=\"button\" value=\"Play\" title=\"ResponsiveVoice Tap to Start\/Stop Speech\"><span>&#128266; Lyssna<\/span><\/button>\n        <script>\n            listenButton1.onclick = function(){\n                if(responsiveVoice.isPlaying()){\n                    responsiveVoice.cancel();\n                }else{\n                    responsiveVoice.speak(\"Om SAREB Modul SAREB i Svenska Barncancerregistret \u00e4r en modul f\u00f6r att f\u00f6lja upp rehabilitering efter barncancer hos barn och ungdomar. SAREB (Svenska Arbetsgruppen f\u00f6r Rehabilitering Efter Barncancer) har som syfte att: Stadf\u00e4sta och organisera rehabiliterings\u00e5tg\u00e4rder, som innefattar s\u00e5v\u00e4l medicinska som kognitiva och psykosociala aspekter. Utv\u00e4rdera och implementera interventionsprogram f\u00f6r att f\u00f6rebygga och f\u00f6rb\u00e4tta psykosocial oh\u00e4lsa och kognitiva sv\u00e5righeter. Fungera som en lobbygrupp f\u00f6r barncancerrehabilitering. Samordna och inspirera till rehabiliteringsforskning. Sprida kunskap om barncancerrehabilitering. Regionala Cancercentrum i samverkan publicerade i april 2024 det nationella v\u00e5rdprogrammet Cancerrehabilitering f\u00f6r barn och ungdomar, d\u00e4r SAREB deltagit i framtagning och implementering av v\u00e5rdprogrammet. SAREB-modulen startades i april 2022 och omfattar framf\u00f6r allt neuropsykologiska data f\u00f6r barn som behandlats f\u00f6r hj\u00e4rntum\u00f6rer samt vissa uppgifter om skolg\u00e5ng. I augusti 2025 inneh\u00f6ll modulen data fr\u00e5n mer \u00e4n 1100 barn och \u00e4r d\u00e4rmed Europas st\u00f6rsta databas f\u00f6r neuropsykologiska data efter barnhj\u00e4rntum\u00f6r. Neuropsykologisk bed\u00f6mning skall enligt kliniska riktlinjer g\u00f6ras vid diagnos samt 2 och 5 \u00e5r efter diagnos. \u00c4ven \u00f6verlevare av andra typer av barncancer, t.ex. leukemi eller non-Hodgkin lymfom, l\u00f6per risk f\u00f6r kognitiva sena komplikationer och en framtida utvecklingsm\u00f6jlighet f\u00f6r SAREB-modulen \u00e4r att b\u00f6rja samla in data \u00e4ven fr\u00e5n denna grupp. Ytterligare framtida utveckling av modulen kan vara att samla in data om motorik, spr\u00e5k och rehabiliterings\u00e5tg\u00e4rder Nationellt v\u00e5rdprogram cancerrehabilitering f\u00f6r barn och ungdom Nationellt v\u00e5rdprogram l\u00e5ngtidsuppf\u00f6ljning efter barncancer Nationellt kvalitetsregister f\u00f6r barncancer, RCC SAREB - Svenska Arbetsgruppen f\u00f6r Rehabilitering efter Barncancer, BLF-PHO Ansvarig f\u00f6r modul SAREB: Ingrid Tonning-Olsen (Lund)suppleant\u00a0\u2013 Dr Ingela Kristiansen (Uppsala) Kontakt\", \"Swedish Female\");\n                }\n            };\n        <\/script>\n    \n\n\n\n<h2 class=\"wp-block-heading\">Om SAREB<\/h2>\n\n\n\n<p>Modul SAREB i Svenska Barncancerregistret \u00e4r en modul f\u00f6r att f\u00f6lja upp rehabilitering efter barncancer hos barn och ungdomar. SAREB (Svenska Arbetsgruppen f\u00f6r Rehabilitering Efter Barncancer) har som syfte att: <\/p>\n\n\n\n<ul class=\"wp-block-list\">\n<li>Stadf\u00e4sta och organisera rehabiliterings\u00e5tg\u00e4rder, som innefattar s\u00e5v\u00e4l medicinska som kognitiva och psykosociala aspekter.<\/li>\n\n\n\n<li>Utv\u00e4rdera och implementera interventionsprogram f\u00f6r att f\u00f6rebygga och f\u00f6rb\u00e4tta psykosocial oh\u00e4lsa och kognitiva sv\u00e5righeter.<\/li>\n\n\n\n<li>Fungera som en lobbygrupp f\u00f6r barncancerrehabilitering.<\/li>\n\n\n\n<li>Samordna och inspirera till rehabiliteringsforskning.<\/li>\n\n\n\n<li>Sprida kunskap om barncancerrehabilitering.<\/li>\n<\/ul>\n\n\n\n<p>Regionala Cancercentrum i samverkan publicerade i april 2024 det nationella v\u00e5rdprogrammet Cancerrehabilitering f\u00f6r barn och ungdomar, d\u00e4r SAREB deltagit i framtagning och implementering av v\u00e5rdprogrammet.<\/p>\n\n\n\n<p>SAREB-modulen startades i april 2022 och omfattar framf\u00f6r allt neuropsykologiska data f\u00f6r barn som behandlats f\u00f6r hj\u00e4rntum\u00f6rer samt vissa uppgifter om skolg\u00e5ng. I augusti 2025 inneh\u00f6ll modulen data fr\u00e5n mer \u00e4n 1100 barn och \u00e4r d\u00e4rmed Europas st\u00f6rsta databas f\u00f6r neuropsykologiska data efter barnhj\u00e4rntum\u00f6r. Neuropsykologisk bed\u00f6mning skall enligt kliniska riktlinjer g\u00f6ras vid diagnos samt 2 och 5 \u00e5r efter diagnos. \u00c4ven \u00f6verlevare av andra typer av barncancer, t.ex. leukemi eller non-Hodgkin lymfom, l\u00f6per risk f\u00f6r kognitiva sena komplikationer och en framtida utvecklingsm\u00f6jlighet f\u00f6r SAREB-modulen \u00e4r att b\u00f6rja samla in data \u00e4ven fr\u00e5n denna grupp. Ytterligare framtida utveckling av modulen kan vara att samla in data om motorik, spr\u00e5k och rehabiliterings\u00e5tg\u00e4rder<\/p>\n\n\n\n<p><a rel=\"noreferrer noopener\" href=\"https:\/\/kunskapsbanken.cancercentrum.se\/diagnoser\/cancerrehabilitering-for-barn-och-ungdom\/vardprogram\/\" target=\"_blank\" style=\"color: #2d68c4;\"><img decoding=\"async\" src=\"https:\/\/sbcr.se\/wp-content\/uploads\/2023\/03\/link16x16.png\">&nbsp; Nationellt v\u00e5rdprogram cancerrehabilitering f\u00f6r barn och ungdom<\/a><\/p>\n\n\n\n<p><a rel=\"noreferrer noopener\" href=\"https:\/\/kunskapsbanken.cancercentrum.se\/diagnoser\/langtidsuppfoljning-efter-barncancer\/vardprogram\/\" target=\"_blank\" style=\"color: #2d68c4;\"><img decoding=\"async\" src=\"https:\/\/sbcr.se\/wp-content\/uploads\/2023\/03\/link16x16.png\">&nbsp; Nationellt v\u00e5rdprogram l\u00e5ngtidsuppf\u00f6ljning efter barncancer<\/a><\/p>\n\n\n\n<p><a rel=\"noreferrer noopener\" style=\"color: #2d68c4;\" href=\"https:\/\/cancercentrum.se\/diagnosbehandling\/cancerdiagnoser\/barncancer\/kvalitetsregister.7366.html\" target=\"_blank\"><img decoding=\"async\" src=\"https:\/\/sbcr.se\/wp-content\/uploads\/2023\/03\/link16x16.png\"> &nbsp;Nationellt kvalitetsregister f\u00f6r barncancer, RCC<\/a><\/p>\n\n\n\n<p><a href=\"https:\/\/pho.barnlakarforeningen.se\/vardplaneringsgrupper\/sareb-svenska-arbetsgruppen-for-rehabilitering-efter-barncancer\/\" data-type=\"URL\" data-id=\"https:\/\/pho.barnlakarforeningen.se\/vardplaneringsgrupper\/sareb-svenska-arbetsgruppen-for-rehabilitering-efter-barncancer\/\" target=\"_blank\" rel=\"noreferrer noopener\" style=\"color: #2d68c4;\"><img decoding=\"async\" src=\"https:\/\/sbcr.se\/wp-content\/uploads\/2023\/03\/link16x16.png\"> &nbsp;SAREB &#8211; Svenska Arbetsgruppen f\u00f6r Rehabilitering efter Barncancer, BLF-PHO<\/a><\/p>\n\n\n\n<p>Ansvarig f\u00f6r modul SAREB: Ingrid Tonning-Olsen (Lund)<br><em>suppleant<\/em>\u00a0\u2013 Dr Ingela Kristiansen (Uppsala)<\/p>\n\n\n\n<div class=\"wp-block-buttons is-layout-flex wp-block-buttons-is-layout-flex\">\n<div class=\"wp-block-button is-style-outline is-style-outline--1\"><a class=\"wp-block-button__link wp-element-button\" href=\"https:\/\/sbcr.se\/index.php\/kontakt\/\">Kontakt<\/a><\/div>\n<\/div>\n\n\n\n<p><\/p>\n\n\n\n<p><\/p>\n\n\n\n<p><\/p>\n","protected":false},"excerpt":{"rendered":"<p>Om SAREB Modul SAREB i Svenska Barncancerregistret \u00e4r en modul f\u00f6r att f\u00f6lja upp rehabilitering efter barncancer hos barn och ungdomar. SAREB (Svenska Arbetsgruppen f\u00f6r Rehabilitering Efter Barncancer) har som syfte att: Regionala Cancercentrum i samverkan publicerade i april 2024 det nationella v\u00e5rdprogrammet Cancerrehabilitering f\u00f6r barn och ungdomar, d\u00e4r SAREB deltagit i framtagning och implementering &hellip; <\/p>\n<p class=\"link-more\"><a href=\"https:\/\/sbcr.se\/index.php\/for-vardgivare\/sareb\/\" class=\"more-link\">Forts\u00e4tt l\u00e4sa<span class=\"screen-reader-text\"> \u201dModul SAREB\u201d<\/span><\/a><\/p>\n","protected":false},"author":1,"featured_media":0,"parent":4774,"menu_order":0,"comment_status":"closed","ping_status":"closed","template":"","meta":{"iawp_total_views":97,"footnotes":""},"class_list":["post-2853","page","type-page","status-publish","hentry"],"_links":{"self":[{"href":"https:\/\/sbcr.se\/index.php\/wp-json\/wp\/v2\/pages\/2853","targetHints":{"allow":["GET"]}}],"collection":[{"href":"https:\/\/sbcr.se\/index.php\/wp-json\/wp\/v2\/pages"}],"about":[{"href":"https:\/\/sbcr.se\/index.php\/wp-json\/wp\/v2\/types\/page"}],"author":[{"embeddable":true,"href":"https:\/\/sbcr.se\/index.php\/wp-json\/wp\/v2\/users\/1"}],"replies":[{"embeddable":true,"href":"https:\/\/sbcr.se\/index.php\/wp-json\/wp\/v2\/comments?post=2853"}],"version-history":[{"count":28,"href":"https:\/\/sbcr.se\/index.php\/wp-json\/wp\/v2\/pages\/2853\/revisions"}],"predecessor-version":[{"id":4493,"href":"https:\/\/sbcr.se\/index.php\/wp-json\/wp\/v2\/pages\/2853\/revisions\/4493"}],"up":[{"embeddable":true,"href":"https:\/\/sbcr.se\/index.php\/wp-json\/wp\/v2\/pages\/4774"}],"wp:attachment":[{"href":"https:\/\/sbcr.se\/index.php\/wp-json\/wp\/v2\/media?parent=2853"}],"curies":[{"name":"wp","href":"https:\/\/api.w.org\/{rel}","templated":true}]}}