{"id":2842,"date":"2023-04-26T16:31:29","date_gmt":"2023-04-26T14:31:29","guid":{"rendered":"https:\/\/sbcr.se\/?page_id=2842"},"modified":"2025-10-21T12:23:17","modified_gmt":"2025-10-21T10:23:17","slug":"vstb","status":"publish","type":"page","link":"https:\/\/sbcr.se\/index.php\/for-vardgivare\/vstb\/","title":{"rendered":"Modul VSTB"},"content":{"rendered":"<button id=\"listenButton1\" class=\"responsivevoice-button\" type=\"button\" value=\"Play\" title=\"ResponsiveVoice Tap to Start\/Stop Speech\"><span>&#128266; Lyssna<\/span><\/button>\n        <script>\n            listenButton1.onclick = function(){\n                if(responsiveVoice.isPlaying()){\n                    responsiveVoice.cancel();\n                }else{\n                    responsiveVoice.speak(\"Om VSTB Modul VSTB i Svenska Barncancerregistret \u00e4r en modul f\u00f6r solida tum\u00f6rer hos barn och ungdomar. Modulen startade p\u00e5 80-talet och idag \u00e4r 4000 individer registrerade. Nationellt kvalitetsregister f\u00f6r barncancer, RCC VSTB - V\u00e5rdplaneringsgruppen f\u00f6r solida tum\u00f6rer hos barn, BLF-PHO Ansvarig f\u00f6r modul VSTB: Dr Trausti \u00d3skarsson (Stockholm)suppleant \u2013\u00a0Dr Fredrik B\u00e4cklund (Stockholm) Kontakt forskningskoordinator: Linda Bohm (Stockholm) Kontakt\", \"Swedish Female\");\n                }\n            };\n        <\/script>\n    \n\n\n\n<h2 class=\"wp-block-heading\">Om VSTB<\/h2>\n\n\n\n<p>Modul VSTB i Svenska Barncancerregistret \u00e4r en modul f\u00f6r solida tum\u00f6rer hos barn och ungdomar. Modulen startade p\u00e5 80-talet och idag  \u00e4r 4000 individer registrerade.<\/p>\n\n\n\n<p><a rel=\"noreferrer noopener\" style=\"color: #2d68c4;\" href=\"https:\/\/cancercentrum.se\/diagnosbehandling\/cancerdiagnoser\/barncancer\/kvalitetsregister.7366.html\" target=\"_blank\"><img decoding=\"async\" src=\"https:\/\/sbcr.se\/wp-content\/uploads\/2023\/03\/link16x16.png\"> &nbsp;Nationellt kvalitetsregister f\u00f6r barncancer, RCC<\/a><\/p>\n\n\n\n<p><a href=\"https:\/\/pho.barnlakarforeningen.se\/vardplaneringsgrupper\/vstb-vardplaneringsgruppen-for-solida-tumorer-hos-barn\/\" data-type=\"URL\" data-id=\"https:\/\/pho.barnlakarforeningen.se\/vardplaneringsgrupper\/vstb-vardplaneringsgruppen-for-solida-tumorer-hos-barn\/\" target=\"_blank\" rel=\"noreferrer noopener\" style=\"color: #2d68c4;\"><img decoding=\"async\" src=\"https:\/\/sbcr.se\/wp-content\/uploads\/2023\/03\/link16x16.png\"> &nbsp;VSTB &#8211; V\u00e5rdplaneringsgruppen f\u00f6r solida tum\u00f6rer hos barn, BLF-PHO<\/a><\/p>\n\n\n\n<p><br>Ansvarig f\u00f6r modul VSTB: Dr Trausti \u00d3skarsson (Stockholm)<br><em>suppleant \u2013\u00a0<\/em>Dr Fredrik B\u00e4cklund (Stockholm)<\/p>\n\n\n\n<p>Kontakt forskningskoordinator: Linda Bohm (Stockholm)<\/p>\n\n\n\n<div class=\"wp-block-buttons is-layout-flex wp-block-buttons-is-layout-flex\">\n<div class=\"wp-block-button is-style-outline is-style-outline--1\"><a class=\"wp-block-button__link wp-element-button\" href=\"https:\/\/sbcr.se\/index.php\/kontakt\/\">Kontakt<\/a><\/div>\n<\/div>\n\n\n\n<p><\/p>\n\n\n\n<p><\/p>\n\n\n\n<p><\/p>\n","protected":false},"excerpt":{"rendered":"<p>Om VSTB Modul VSTB i Svenska Barncancerregistret \u00e4r en modul f\u00f6r solida tum\u00f6rer hos barn och ungdomar. Modulen startade p\u00e5 80-talet och idag \u00e4r 4000 individer registrerade. &nbsp;Nationellt kvalitetsregister f\u00f6r barncancer, RCC &nbsp;VSTB &#8211; V\u00e5rdplaneringsgruppen f\u00f6r solida tum\u00f6rer hos barn, BLF-PHO Ansvarig f\u00f6r modul VSTB: Dr Trausti \u00d3skarsson (Stockholm)suppleant \u2013\u00a0Dr Fredrik B\u00e4cklund (Stockholm) Kontakt forskningskoordinator: &hellip; <\/p>\n<p class=\"link-more\"><a href=\"https:\/\/sbcr.se\/index.php\/for-vardgivare\/vstb\/\" class=\"more-link\">Forts\u00e4tt l\u00e4sa<span class=\"screen-reader-text\"> \u201dModul VSTB\u201d<\/span><\/a><\/p>\n","protected":false},"author":1,"featured_media":0,"parent":4774,"menu_order":0,"comment_status":"closed","ping_status":"closed","template":"","meta":{"iawp_total_views":127,"footnotes":""},"class_list":["post-2842","page","type-page","status-publish","hentry"],"_links":{"self":[{"href":"https:\/\/sbcr.se\/index.php\/wp-json\/wp\/v2\/pages\/2842","targetHints":{"allow":["GET"]}}],"collection":[{"href":"https:\/\/sbcr.se\/index.php\/wp-json\/wp\/v2\/pages"}],"about":[{"href":"https:\/\/sbcr.se\/index.php\/wp-json\/wp\/v2\/types\/page"}],"author":[{"embeddable":true,"href":"https:\/\/sbcr.se\/index.php\/wp-json\/wp\/v2\/users\/1"}],"replies":[{"embeddable":true,"href":"https:\/\/sbcr.se\/index.php\/wp-json\/wp\/v2\/comments?post=2842"}],"version-history":[{"count":22,"href":"https:\/\/sbcr.se\/index.php\/wp-json\/wp\/v2\/pages\/2842\/revisions"}],"predecessor-version":[{"id":4496,"href":"https:\/\/sbcr.se\/index.php\/wp-json\/wp\/v2\/pages\/2842\/revisions\/4496"}],"up":[{"embeddable":true,"href":"https:\/\/sbcr.se\/index.php\/wp-json\/wp\/v2\/pages\/4774"}],"wp:attachment":[{"href":"https:\/\/sbcr.se\/index.php\/wp-json\/wp\/v2\/media?parent=2842"}],"curies":[{"name":"wp","href":"https:\/\/api.w.org\/{rel}","templated":true}]}}