{"id":2813,"date":"2023-04-26T15:56:54","date_gmt":"2023-04-26T13:56:54","guid":{"rendered":"https:\/\/sbcr.se\/?page_id=2813"},"modified":"2025-10-21T12:21:52","modified_gmt":"2025-10-21T10:21:52","slug":"leukemier","status":"publish","type":"page","link":"https:\/\/sbcr.se\/index.php\/for-vardgivare\/leukemier\/","title":{"rendered":"Modul Leukemier"},"content":{"rendered":"<button id=\"listenButton1\" class=\"responsivevoice-button\" type=\"button\" value=\"Play\" title=\"ResponsiveVoice Tap to Start\/Stop Speech\"><span>&#128266; Lyssna<\/span><\/button>\n        <script>\n            listenButton1.onclick = function(){\n                if(responsiveVoice.isPlaying()){\n                    responsiveVoice.cancel();\n                }else{\n                    responsiveVoice.speak(\"Om Leukemier Modul Leukemier i Svenska Barncancerregistret \u00e4r en sammanst\u00e4llning och dokumentation f\u00f6r utv\u00e4rdering av leukemier ALL, AML och KML. Modulen startade 1979 och har idag n\u00e4rmare 4000 individer registrerade. Nationellt kvalitetsregister f\u00f6r barncancer, RCC SBLG - Svenska Barnleukemigruppen, BLF-PHO \u00a0ICD-O-3 koder f\u00f6r leukemier (K\u00e4lla: ICO-O Third Edition) Akut Lymfatisk Leukemi, ALL Ansvarig ALL: Dr Mats Heyman (Stockholm) Kontakt forskningskoordinator: Annika Nilsson (Stockholm) Akut Myeloisk Leukemi, AML Ansvarig AML: Dr Kees-Jan Pronk(Lund) Kontakt forskningskoordinator: Annika Bj\u00f6rne Fors (Lund) Kontakt\", \"Swedish Female\");\n                }\n            };\n        <\/script>\n    \n\n\n\n<h2 class=\"wp-block-heading\">Om Leukemier<\/h2>\n\n\n\n<p>Modul Leukemier i Svenska Barncancerregistret \u00e4r en sammanst\u00e4llning och dokumentation f\u00f6r utv\u00e4rdering av leukemier ALL, AML och KML. Modulen startade 1979 och har idag n\u00e4rmare 4000 individer registrerade.<\/p>\n\n\n\n<p><a rel=\"noreferrer noopener\" style=\"color: #2d68c4;\" href=\"https:\/\/cancercentrum.se\/diagnosbehandling\/cancerdiagnoser\/barncancer\/kvalitetsregister.7366.html\" target=\"_blank\"><img decoding=\"async\" src=\"https:\/\/sbcr.se\/wp-content\/uploads\/2023\/03\/link16x16.png\"> &nbsp;Nationellt kvalitetsregister f\u00f6r barncancer, RCC<\/a><\/p>\n\n\n\n<p><a href=\"https:\/\/pho.barnlakarforeningen.se\/vardplaneringsgrupper\/sblg-svenska-barnleukemigruppen\/\" data-type=\"URL\" data-id=\"https:\/\/pho.barnlakarforeningen.se\/vardplaneringsgrupper\/sblg-svenska-barnleukemigruppen\/\" target=\"_blank\" rel=\"noreferrer noopener\" style=\"color: #2d68c4;\"><img decoding=\"async\" src=\"https:\/\/sbcr.se\/wp-content\/uploads\/2023\/03\/link16x16.png\"> &nbsp;SBLG &#8211; Svenska Barnleukemigruppen, BLF-PHO<\/a><\/p>\n\n\n\n<p><a style=\"color: #2d68c4;\" href=\"https:\/\/cceg.ki.se\/documents\/ICD-O-3 leukemi morfologi_markerat.pdf\" data-type=\"URL\" data-id=\"https:\/\/cceg.ki.se\/documents\/ICD-O-3 leukemi morfologi_markerat.pdf\" target=\"_blank\" rel=\"noreferrer noopener\">\u00a0ICD-O-3 koder f\u00f6r leukemier (K\u00e4lla: ICO-O Third Edition)<\/a><br><\/p>\n\n\n\n<p><br><\/p>\n\n\n\n<p><strong>Akut Lymfatisk Leukemi, ALL<\/strong><\/p>\n\n\n\n<p>Ansvarig ALL: Dr Mats Heyman (Stockholm)<\/p>\n\n\n\n<p>Kontakt forskningskoordinator: Annika Nilsson (Stockholm)<\/p>\n\n\n\n<p><strong>Akut Myeloisk Leukemi, AML<\/strong> <\/p>\n\n\n\n<p>Ansvarig AML: Dr Kees-Jan Pronk&nbsp;(Lund)<\/p>\n\n\n\n<p>Kontakt forskningskoordinator: Annika Bj\u00f6rne Fors (Lund)<\/p>\n\n\n\n<p><\/p>\n\n\n\n<div class=\"wp-block-buttons is-layout-flex wp-block-buttons-is-layout-flex\">\n<div class=\"wp-block-button is-style-outline is-style-outline--1\"><a class=\"wp-block-button__link wp-element-button\" href=\"https:\/\/sbcr.se\/index.php\/kontakt\/\">Kontakt<\/a><\/div>\n<\/div>\n\n\n\n<p><\/p>\n\n\n\n<p><\/p>\n\n\n\n<p><\/p>\n","protected":false},"excerpt":{"rendered":"<p>Om Leukemier Modul Leukemier i Svenska Barncancerregistret \u00e4r en sammanst\u00e4llning och dokumentation f\u00f6r utv\u00e4rdering av leukemier ALL, AML och KML. Modulen startade 1979 och har idag n\u00e4rmare 4000 individer registrerade. &nbsp;Nationellt kvalitetsregister f\u00f6r barncancer, RCC &nbsp;SBLG &#8211; Svenska Barnleukemigruppen, BLF-PHO \u00a0ICD-O-3 koder f\u00f6r leukemier (K\u00e4lla: ICO-O Third Edition) Akut Lymfatisk Leukemi, ALL Ansvarig ALL: Dr &hellip; <\/p>\n<p class=\"link-more\"><a href=\"https:\/\/sbcr.se\/index.php\/for-vardgivare\/leukemier\/\" class=\"more-link\">Forts\u00e4tt l\u00e4sa<span class=\"screen-reader-text\"> \u201dModul Leukemier\u201d<\/span><\/a><\/p>\n","protected":false},"author":1,"featured_media":0,"parent":4774,"menu_order":0,"comment_status":"closed","ping_status":"closed","template":"","meta":{"iawp_total_views":252,"footnotes":""},"class_list":["post-2813","page","type-page","status-publish","hentry"],"_links":{"self":[{"href":"https:\/\/sbcr.se\/index.php\/wp-json\/wp\/v2\/pages\/2813","targetHints":{"allow":["GET"]}}],"collection":[{"href":"https:\/\/sbcr.se\/index.php\/wp-json\/wp\/v2\/pages"}],"about":[{"href":"https:\/\/sbcr.se\/index.php\/wp-json\/wp\/v2\/types\/page"}],"author":[{"embeddable":true,"href":"https:\/\/sbcr.se\/index.php\/wp-json\/wp\/v2\/users\/1"}],"replies":[{"embeddable":true,"href":"https:\/\/sbcr.se\/index.php\/wp-json\/wp\/v2\/comments?post=2813"}],"version-history":[{"count":32,"href":"https:\/\/sbcr.se\/index.php\/wp-json\/wp\/v2\/pages\/2813\/revisions"}],"predecessor-version":[{"id":4632,"href":"https:\/\/sbcr.se\/index.php\/wp-json\/wp\/v2\/pages\/2813\/revisions\/4632"}],"up":[{"embeddable":true,"href":"https:\/\/sbcr.se\/index.php\/wp-json\/wp\/v2\/pages\/4774"}],"wp:attachment":[{"href":"https:\/\/sbcr.se\/index.php\/wp-json\/wp\/v2\/media?parent=2813"}],"curies":[{"name":"wp","href":"https:\/\/api.w.org\/{rel}","templated":true}]}}