{"id":2735,"date":"2023-04-25T16:46:47","date_gmt":"2023-04-25T14:46:47","guid":{"rendered":"https:\/\/sbcr.se\/?page_id=2735"},"modified":"2025-11-26T12:44:11","modified_gmt":"2025-11-26T11:44:11","slug":"radtox","status":"publish","type":"page","link":"https:\/\/sbcr.se\/index.php\/for-vardgivare\/radtox\/","title":{"rendered":"Modul RADTOX"},"content":{"rendered":"<button id=\"listenButton1\" class=\"responsivevoice-button\" type=\"button\" value=\"Play\" title=\"ResponsiveVoice Tap to Start\/Stop Speech\"><span>&#128266; Lyssna<\/span><\/button>\n        <script>\n            listenButton1.onclick = function(){\n                if(responsiveVoice.isPlaying()){\n                    responsiveVoice.cancel();\n                }else{\n                    responsiveVoice.speak(\"Om RADTOX Modul RADTOX i Svenska Barncancerregistret \u00e4r en modul f\u00f6r att registrera all given str\u00e5lbehandling och f\u00f6r uppf\u00f6ljning efter den givna str\u00e5lbehandlingen. Alla barn, med f\u00e5 undantag, som f\u00e5r str\u00e5lbehandling i Sverige registreras sedan 2008 i modul RADTOX. Idag finns ca 1500 individer registrerade. I modulen registreras dels relevanta str\u00e5ldoser till m\u00e5lvolymer, dels till riskorgan. Riskorgan \u00e4r de organ som finns inom eller n\u00e4ra str\u00e5lf\u00e4ltet. Vid planering av behandling f\u00f6rs\u00f6ker man s\u00e5 l\u00e5ngt det \u00e4r m\u00f6jligt att h\u00e5lla doser till frisk v\u00e4vnad s\u00e5 l\u00e5ga som m\u00f6jligt. Barnen f\u00f6ljs regelbundet av str\u00e5lonkologer, \u00e4ven denna uppf\u00f6ljningsdata registreras i RADTOX. Uppf\u00f6ljningen sker i anslutning till avslut av str\u00e5lbehandling, samt efter 1, 3, 5 och 10 \u00e5r. Modul RADTOX drivs av Svenska barnradioterapigruppen och anv\u00e4nds f\u00f6r att kvalitetss\u00e4kra str\u00e5lbehandlingen, genomlysa och studera bieffekter av str\u00e5lbehandlingen i syfte att minska dessa och delge andra ny kunskap inom omr\u00e5det. Inklusions- och exklusionskriterier RADTOX till RCC hemsida Nationellt kvalitetsregister f\u00f6r barncancer, RCC SBRTG - Svenska Barnradioterapigruppen, BLF-PHO Ansvarig f\u00f6r modul RADTOX: Dr Martin Nilsson (Lund) och Dr Anna Asklid (Stockholm) Monitor: Ingrid Fagerstr\u00f6m Kristensen (Lund) Kontakt\", \"Swedish Female\");\n                }\n            };\n        <\/script>\n    \n\n\n\n<h2 class=\"wp-block-heading\">Om RADTOX<\/h2>\n\n\n\n<p>Modul RADTOX i Svenska Barncancerregistret \u00e4r en modul f\u00f6r att registrera all given str\u00e5lbehandling och f\u00f6r uppf\u00f6ljning efter den givna str\u00e5lbehandlingen.<\/p>\n\n\n\n<p>Alla barn, med f\u00e5 undantag, som f\u00e5r str\u00e5lbehandling i Sverige registreras sedan 2008 i modul RADTOX. Idag finns ca 1500 individer registrerade. I modulen registreras dels relevanta str\u00e5ldoser till m\u00e5lvolymer, dels till riskorgan. Riskorgan \u00e4r de organ som finns inom eller n\u00e4ra str\u00e5lf\u00e4ltet. Vid planering av behandling f\u00f6rs\u00f6ker man s\u00e5 l\u00e5ngt det \u00e4r m\u00f6jligt att h\u00e5lla doser till frisk v\u00e4vnad s\u00e5 l\u00e5ga som m\u00f6jligt. Barnen f\u00f6ljs regelbundet av str\u00e5lonkologer, \u00e4ven denna uppf\u00f6ljningsdata registreras i RADTOX. Uppf\u00f6ljningen sker i anslutning till avslut av str\u00e5lbehandling, samt efter 1, 3, 5 och 10 \u00e5r.<\/p>\n\n\n\n<p>Modul RADTOX drivs av Svenska barnradioterapigruppen och anv\u00e4nds f\u00f6r att kvalitetss\u00e4kra str\u00e5lbehandlingen, genomlysa och studera bieffekter av str\u00e5lbehandlingen i syfte att minska dessa och delge andra ny kunskap inom omr\u00e5det.<\/p>\n\n\n\n<figure class=\"wp-block-image size-full\"><img loading=\"lazy\" decoding=\"async\" width=\"491\" height=\"119\" src=\"https:\/\/sbcr.se\/wp-content\/uploads\/2025\/11\/image.png\" alt=\"\" class=\"wp-image-4868\" srcset=\"https:\/\/sbcr.se\/wp-content\/uploads\/2025\/11\/image.png 491w, https:\/\/sbcr.se\/wp-content\/uploads\/2025\/11\/image-300x73.png 300w, https:\/\/sbcr.se\/wp-content\/uploads\/2025\/11\/image-150x36.png 150w\" sizes=\"auto, (max-width: 491px) 100vw, 491px\" \/><\/figure>\n\n\n\n<p><br><\/p>\n\n\n\n<p><a style=\"color: #2d68c4;\" href=\"https:\/\/cceg.ki.se\/documents\/Inklusions_och_exklusionskriterier_RADTOX_till_RCC_hemsida.pdf\" target=\"_blank\" rel=\"noreferrer noopener\"><img decoding=\"async\" src=\"https:\/\/sbcr.se\/wp-content\/uploads\/2023\/03\/link16x16.png\"> &nbsp;Inklusions- och exklusionskriterier RADTOX till RCC hemsida<\/a> <\/p>\n\n\n\n<p><a rel=\"noreferrer noopener\" style=\"color: #2d68c4;\" href=\"https:\/\/cancercentrum.se\/diagnosbehandling\/cancerdiagnoser\/barncancer\/kvalitetsregister.7366.html\" target=\"_blank\"><img decoding=\"async\" src=\"https:\/\/sbcr.se\/wp-content\/uploads\/2023\/03\/link16x16.png\"> &nbsp;Nationellt kvalitetsregister f\u00f6r barncancer, RCC<\/a><\/p>\n\n\n\n<p><a rel=\"noreferrer noopener\" style=\"color: #2d68c4;\" href=\"https:\/\/pho.barnlakarforeningen.se\/vardplaneringsgrupper\/svbrg-svenska-barnradioterapiegruppen\/\" data-type=\"URL\" data-id=\"https:\/\/pho.barnlakarforeningen.se\/vardplaneringsgrupper\/svbrg-svenska-barnradioterapiegruppen\/\" target=\"_blank\"><img decoding=\"async\" src=\"https:\/\/sbcr.se\/wp-content\/uploads\/2023\/03\/link16x16.png\"> &nbsp;SBRTG &#8211; Svenska Barnradioterapigruppen, BLF-PHO<\/a><\/p>\n\n\n\n<p>Ansvarig f\u00f6r modul RADTOX: Dr Martin Nilsson (Lund) och Dr Anna Asklid (Stockholm)<\/p>\n\n\n\n<p>Monitor: Ingrid Fagerstr\u00f6m Kristensen (Lund)<\/p>\n\n\n\n<div class=\"wp-block-buttons is-layout-flex wp-block-buttons-is-layout-flex\">\n<div class=\"wp-block-button is-style-outline is-style-outline--1\"><a class=\"wp-block-button__link wp-element-button\" href=\"https:\/\/sbcr.se\/index.php\/kontakt\/\">Kontakt<\/a><\/div>\n<\/div>\n\n\n\n<p><\/p>\n\n\n\n<p><\/p>\n\n\n\n<p><\/p>\n","protected":false},"excerpt":{"rendered":"<p>Om RADTOX Modul RADTOX i Svenska Barncancerregistret \u00e4r en modul f\u00f6r att registrera all given str\u00e5lbehandling och f\u00f6r uppf\u00f6ljning efter den givna str\u00e5lbehandlingen. Alla barn, med f\u00e5 undantag, som f\u00e5r str\u00e5lbehandling i Sverige registreras sedan 2008 i modul RADTOX. Idag finns ca 1500 individer registrerade. I modulen registreras dels relevanta str\u00e5ldoser till m\u00e5lvolymer, dels till &hellip; <\/p>\n<p class=\"link-more\"><a href=\"https:\/\/sbcr.se\/index.php\/for-vardgivare\/radtox\/\" class=\"more-link\">Forts\u00e4tt l\u00e4sa<span class=\"screen-reader-text\"> \u201dModul RADTOX\u201d<\/span><\/a><\/p>\n","protected":false},"author":1,"featured_media":0,"parent":4774,"menu_order":0,"comment_status":"closed","ping_status":"closed","template":"","meta":{"iawp_total_views":124,"footnotes":""},"class_list":["post-2735","page","type-page","status-publish","hentry"],"_links":{"self":[{"href":"https:\/\/sbcr.se\/index.php\/wp-json\/wp\/v2\/pages\/2735","targetHints":{"allow":["GET"]}}],"collection":[{"href":"https:\/\/sbcr.se\/index.php\/wp-json\/wp\/v2\/pages"}],"about":[{"href":"https:\/\/sbcr.se\/index.php\/wp-json\/wp\/v2\/types\/page"}],"author":[{"embeddable":true,"href":"https:\/\/sbcr.se\/index.php\/wp-json\/wp\/v2\/users\/1"}],"replies":[{"embeddable":true,"href":"https:\/\/sbcr.se\/index.php\/wp-json\/wp\/v2\/comments?post=2735"}],"version-history":[{"count":38,"href":"https:\/\/sbcr.se\/index.php\/wp-json\/wp\/v2\/pages\/2735\/revisions"}],"predecessor-version":[{"id":4875,"href":"https:\/\/sbcr.se\/index.php\/wp-json\/wp\/v2\/pages\/2735\/revisions\/4875"}],"up":[{"embeddable":true,"href":"https:\/\/sbcr.se\/index.php\/wp-json\/wp\/v2\/pages\/4774"}],"wp:attachment":[{"href":"https:\/\/sbcr.se\/index.php\/wp-json\/wp\/v2\/media?parent=2735"}],"curies":[{"name":"wp","href":"https:\/\/api.w.org\/{rel}","templated":true}]}}