{"id":2662,"date":"2023-04-25T14:44:45","date_gmt":"2023-04-25T12:44:45","guid":{"rendered":"https:\/\/sbcr.se\/?page_id=2662"},"modified":"2025-10-21T12:22:36","modified_gmt":"2025-10-21T10:22:36","slug":"salub","status":"publish","type":"page","link":"https:\/\/sbcr.se\/index.php\/for-vardgivare\/salub\/","title":{"rendered":"Modul SALUB"},"content":{"rendered":"<button id=\"listenButton1\" class=\"responsivevoice-button\" type=\"button\" value=\"Play\" title=\"ResponsiveVoice Tap to Start\/Stop Speech\"><span>&#128266; Lyssna<\/span><\/button>\n        <script>\n            listenButton1.onclick = function(){\n                if(responsiveVoice.isPlaying()){\n                    responsiveVoice.cancel();\n                }else{\n                    responsiveVoice.speak(\"Om SALUB Modul SALUB i Svenska Barncancerregistret \u00e4r en l\u00e5ngtidsuppf\u00f6ljning efter diagnos med barncancer. Modulen startade 2012 och \u00e5r 2025 finns cirka 8000 individer registrerade. SALUB omfattar detaljerade behandlingsdata, uppf\u00f6ljningsrekommendationer, uppf\u00f6ljning (follow-up) och Pdf till patienten i form av en behandlingssammanfattning med uppf\u00f6ljningsrekommendationer. Nationellt v\u00e5rdprogram l\u00e5ngtidsuppf\u00f6ljning efter barncancer Webutbildning i \u00f6kad f\u00f6rst\u00e5else f\u00f6r sena komplikationer efter barncancer Nationellt kvalitetsregister f\u00f6r barncancer, RCC SALUB - Svenska arbetsgruppen f\u00f6r l\u00e5ngtidsuppf\u00f6ljning efter barncancer, BLF-PHO \u00d6versikt av uppf\u00f6ljningsbes\u00f6k i SALUB. Ansvarig f\u00f6r modul SALUB: Dr Cecilia Petersen (Stockholm)suppleant\u00a0\u2013 Dr Aron Onerup (G\u00f6teborg) Kontakt forskningskoordinator: Aida Shahriari (Stockholm) Kontakt\", \"Swedish Female\");\n                }\n            };\n        <\/script>\n    \n\n\n\n<h2 class=\"wp-block-heading\">Om SALUB<\/h2>\n\n\n\n<p>Modul SALUB i Svenska Barncancerregistret \u00e4r en l\u00e5ngtidsuppf\u00f6ljning efter diagnos med barncancer. Modulen startade 2012 och \u00e5r 2025 finns cirka 8000 individer registrerade. SALUB omfattar detaljerade behandlingsdata, uppf\u00f6ljningsrekommendationer, uppf\u00f6ljning (follow-up) och Pdf till patienten i form av en behandlingssammanfattning med uppf\u00f6ljningsrekommendationer.<\/p>\n\n\n\n<p><a href=\"https:\/\/kunskapsbanken.cancercentrum.se\/diagnoser\/langtidsuppfoljning-efter-barncancer\/vardprogram\/\" data-type=\"URL\" data-id=\"https:\/\/kunskapsbanken.cancercentrum.se\/diagnoser\/langtidsuppfoljning-efter-barncancer\/vardprogram\/\" target=\"_blank\" rel=\"noreferrer noopener\" style=\"color: #2d68c4;\"><img decoding=\"async\" src=\"https:\/\/sbcr.se\/wp-content\/uploads\/2023\/03\/link16x16.png\"> &nbsp;Nationellt v\u00e5rdprogram l\u00e5ngtidsuppf\u00f6ljning efter barncancer<\/a><\/p>\n\n\n\n<p><a href=\"https:\/\/cancercentrum.se\/samverkan\/vara-uppdrag\/kompetensforsorjning\/utbildningar\/webbutbildning-i-okad-forstaelse-for-sena-komplikationer-efter-barncancer\/\" data-type=\"URL\" data-id=\"https:\/\/cancercentrum.se\/samverkan\/vara-uppdrag\/kompetensforsorjning\/utbildningar\/webbutbildning-i-okad-forstaelse-for-sena-komplikationer-efter-barncancer\/\" target=\"_blank\" rel=\"noreferrer noopener\" style=\"color: #2d68c4;\"><img decoding=\"async\" src=\"https:\/\/sbcr.se\/wp-content\/uploads\/2023\/03\/link16x16.png\">&nbsp;Webutbildning i \u00f6kad f\u00f6rst\u00e5else f\u00f6r sena komplikationer efter barncancer<\/a><\/p>\n\n\n\n<p><a rel=\"noreferrer noopener\" href=\"https:\/\/cancercentrum.se\/diagnosbehandling\/cancerdiagnoser\/barncancer\/kvalitetsregister.7366.html\" target=\"_blank\" style=\"color: #2d68c4;\"><img decoding=\"async\" src=\"https:\/\/sbcr.se\/wp-content\/uploads\/2023\/03\/link16x16.png\"> &nbsp;Nationellt kvalitetsregister f\u00f6r barncancer, RCC<\/a><\/p>\n\n\n\n<p><a rel=\"noreferrer noopener\" style=\"color: #2d68c4;\" href=\"https:\/\/pho.barnlakarforeningen.se\/vardplaneringsgrupper\/salub-svenska-arbetsgruppen-for-langtidsuppfoljning-efter-barncancer\/\" data-type=\"URL\" data-id=\"https:\/\/pho.barnlakarforeningen.se\/vardplaneringsgrupper\/salub-svenska-arbetsgruppen-for-langtidsuppfoljning-efter-barncancer\/\" target=\"_blank\"><img decoding=\"async\" src=\"https:\/\/sbcr.se\/wp-content\/uploads\/2023\/03\/link16x16.png\"> &nbsp;SALUB &#8211; Svenska arbetsgruppen f\u00f6r l\u00e5ngtidsuppf\u00f6ljning efter barncancer, BLF-PHO<\/a><\/p>\n\n\n\n<figure class=\"wp-block-image size-large\"><img loading=\"lazy\" decoding=\"async\" width=\"1024\" height=\"574\" src=\"https:\/\/sbcr.se\/wp-content\/uploads\/2023\/04\/salub_keyvisite-1024x574.png\" alt=\"\" class=\"wp-image-2721\" srcset=\"https:\/\/sbcr.se\/wp-content\/uploads\/2023\/04\/salub_keyvisite-1024x574.png 1024w, https:\/\/sbcr.se\/wp-content\/uploads\/2023\/04\/salub_keyvisite-300x168.png 300w, https:\/\/sbcr.se\/wp-content\/uploads\/2023\/04\/salub_keyvisite-768x431.png 768w, https:\/\/sbcr.se\/wp-content\/uploads\/2023\/04\/salub_keyvisite.png 1270w\" sizes=\"auto, (max-width: 706px) 89vw, (max-width: 767px) 82vw, 740px\" \/><figcaption class=\"wp-element-caption\">\u00d6versikt av  uppf\u00f6ljningsbes\u00f6k i SALUB.<\/figcaption><\/figure>\n\n\n\n<p>Ansvarig f\u00f6r modul SALUB: Dr Cecilia Petersen (Stockholm)<br><em>suppleant<\/em>\u00a0\u2013 Dr Aron Onerup (G\u00f6teborg)<\/p>\n\n\n\n<p>Kontakt forskningskoordinator: Aida Shahriari (Stockholm)<\/p>\n\n\n\n<div class=\"wp-block-buttons is-layout-flex wp-block-buttons-is-layout-flex\">\n<div class=\"wp-block-button is-style-outline is-style-outline--1\"><a class=\"wp-block-button__link wp-element-button\" href=\"https:\/\/sbcr.se\/index.php\/kontakt\/\">Kontakt<\/a><\/div>\n<\/div>\n\n\n\n<p><\/p>\n\n\n\n<p><\/p>\n\n\n\n<p><\/p>\n","protected":false},"excerpt":{"rendered":"<p>Om SALUB Modul SALUB i Svenska Barncancerregistret \u00e4r en l\u00e5ngtidsuppf\u00f6ljning efter diagnos med barncancer. Modulen startade 2012 och \u00e5r 2025 finns cirka 8000 individer registrerade. SALUB omfattar detaljerade behandlingsdata, uppf\u00f6ljningsrekommendationer, uppf\u00f6ljning (follow-up) och Pdf till patienten i form av en behandlingssammanfattning med uppf\u00f6ljningsrekommendationer. &nbsp;Nationellt v\u00e5rdprogram l\u00e5ngtidsuppf\u00f6ljning efter barncancer &nbsp;Webutbildning i \u00f6kad f\u00f6rst\u00e5else f\u00f6r sena komplikationer &hellip; <\/p>\n<p class=\"link-more\"><a href=\"https:\/\/sbcr.se\/index.php\/for-vardgivare\/salub\/\" class=\"more-link\">Forts\u00e4tt l\u00e4sa<span class=\"screen-reader-text\"> \u201dModul SALUB\u201d<\/span><\/a><\/p>\n","protected":false},"author":1,"featured_media":0,"parent":4774,"menu_order":0,"comment_status":"closed","ping_status":"closed","template":"","meta":{"iawp_total_views":200,"footnotes":""},"class_list":["post-2662","page","type-page","status-publish","hentry"],"_links":{"self":[{"href":"https:\/\/sbcr.se\/index.php\/wp-json\/wp\/v2\/pages\/2662","targetHints":{"allow":["GET"]}}],"collection":[{"href":"https:\/\/sbcr.se\/index.php\/wp-json\/wp\/v2\/pages"}],"about":[{"href":"https:\/\/sbcr.se\/index.php\/wp-json\/wp\/v2\/types\/page"}],"author":[{"embeddable":true,"href":"https:\/\/sbcr.se\/index.php\/wp-json\/wp\/v2\/users\/1"}],"replies":[{"embeddable":true,"href":"https:\/\/sbcr.se\/index.php\/wp-json\/wp\/v2\/comments?post=2662"}],"version-history":[{"count":46,"href":"https:\/\/sbcr.se\/index.php\/wp-json\/wp\/v2\/pages\/2662\/revisions"}],"predecessor-version":[{"id":4492,"href":"https:\/\/sbcr.se\/index.php\/wp-json\/wp\/v2\/pages\/2662\/revisions\/4492"}],"up":[{"embeddable":true,"href":"https:\/\/sbcr.se\/index.php\/wp-json\/wp\/v2\/pages\/4774"}],"wp:attachment":[{"href":"https:\/\/sbcr.se\/index.php\/wp-json\/wp\/v2\/media?parent=2662"}],"curies":[{"name":"wp","href":"https:\/\/api.w.org\/{rel}","templated":true}]}}