{"id":2634,"date":"2023-04-25T14:07:05","date_gmt":"2023-04-25T12:07:05","guid":{"rendered":"https:\/\/sbcr.se\/?page_id=2634"},"modified":"2025-10-21T12:23:43","modified_gmt":"2025-10-21T10:23:43","slug":"diagnoskod","status":"publish","type":"page","link":"https:\/\/sbcr.se\/index.php\/for-vardgivare\/diagnoskod\/","title":{"rendered":"Diagnoskoder och klassifikation"},"content":{"rendered":"<button id=\"listenButton1\" class=\"responsivevoice-button\" type=\"button\" value=\"Play\" title=\"ResponsiveVoice Tap to Start\/Stop Speech\"><span>&#128266; Lyssna<\/span><\/button>\n        <script>\n            listenButton1.onclick = function(){\n                if(responsiveVoice.isPlaying()){\n                    responsiveVoice.cancel();\n                }else{\n                    responsiveVoice.speak(\"Klassifikation inom barncancer Inom barnonkologin anv\u00e4nds flera olika klassificeringssystem internationellt och i Svenska Barncancerregistret. Se beskrivningar och l\u00e4nkar nedan. Canceranm\u00e4lan g\u00f6rs idag direkt i INCA d\u00e4r Svenska Barncancerregistret har sin databas. F\u00f6r tum\u00f6rlokalisation (topografi) anv\u00e4nder kvalitetsregister i Sverige kod fr\u00e5n ICD-10 diagnoskoder. Regionala monitorer p\u00e5 RCC mappar dessa till ICD-O-3 topografikoder som Cancerregistret anv\u00e4nder. F\u00f6r tum\u00f6rmorfologi (patologisk-anatomisk diagnos) anv\u00e4nder b\u00e5da registren ICD-O-3 koder. I de flesta fall \u00e4r morfologikoder identiska med SNOMED-koder som vissa patologlaboratorier anv\u00e4nder. I kvalitetsregistret (och p\u00e5 canceranm\u00e4lan i INCA) \u00e4r ICD-O-3 koder inbyggda i systemet. Detta betyder att inrapport\u00f6rer kan hitta r\u00e4tt kod med att skriva n\u00e5gra bokst\u00e4ver i f\u00e4ltet och bakgrundslistan kommer fram via detta. R\u00e4tta koder kan ocks\u00e5 hittas via s\u00f6kfunktion fr\u00e5n sj\u00e4lva ICD-O-3 kodboken. I barncancerklassificering anv\u00e4nder man ocks\u00e5 ICCC-3 kodverk. I INCA-SBCR finns en inbyggd algoritm som skapar r\u00e4tt ICCC-3 kod via topografi + morfologi + malignitetsgrad. Speciellt i VCTB finns det vissa undantagsfall som beh\u00f6ver manuell r\u00e4ttning av ICCC-3 kod eftersom SBCR anv\u00e4nder noggrannare egna koder (t.ex subgruppering av astrocytom-klass tum\u00f6rer). ICD-O-3 (International Classification of Diseases for Oncology) ICD - O International Classification of Diseases for Oncology (Third Edition) ICCC-3 (International Classification of Childhood Cancer) ICCC Recode Third Edition ICD-O-3\/IARC 2017 Cancerregistret hos Socialstyrelsen Cancerregistret hos Socialstyrelsen Kodning i cancerregistret 2024 Kodning i cancerregistret 2024 Torontokriterier Toronto Paediatric Cancer Stage Guidelines\", \"Swedish Female\");\n                }\n            };\n        <\/script>\n    \n\n\n\n<h2 class=\"wp-block-heading\">Klassifikation inom barncancer<\/h2>\n\n\n\n<p>Inom barnonkologin anv\u00e4nds flera olika klassificeringssystem internationellt och i Svenska Barncancerregistret. Se beskrivningar och l\u00e4nkar nedan.<\/p>\n\n\n\n<p>Canceranm\u00e4lan g\u00f6rs idag direkt i INCA d\u00e4r Svenska Barncancerregistret har sin databas. F\u00f6r tum\u00f6rlokalisation (topografi) anv\u00e4nder kvalitetsregister i Sverige kod fr\u00e5n ICD-10 diagnoskoder. Regionala monitorer p\u00e5 RCC mappar dessa till ICD-O-3 topografikoder som Cancerregistret anv\u00e4nder.&nbsp;<\/p>\n\n\n\n<p>F\u00f6r tum\u00f6rmorfologi (patologisk-anatomisk diagnos) anv\u00e4nder b\u00e5da registren ICD-O-3 koder. I de flesta fall \u00e4r morfologikoder identiska med SNOMED-koder som vissa patologlaboratorier anv\u00e4nder. I kvalitetsregistret (och p\u00e5 canceranm\u00e4lan i INCA) \u00e4r ICD-O-3 koder inbyggda i systemet. Detta betyder att inrapport\u00f6rer kan hitta r\u00e4tt kod med att skriva n\u00e5gra bokst\u00e4ver i f\u00e4ltet och bakgrundslistan kommer fram via detta. R\u00e4tta koder kan ocks\u00e5 hittas via s\u00f6kfunktion fr\u00e5n sj\u00e4lva ICD-O-3 kodboken.<\/p>\n\n\n\n<p>I barncancerklassificering anv\u00e4nder man ocks\u00e5 ICCC-3 kodverk. I INCA-SBCR finns en inbyggd algoritm som skapar r\u00e4tt ICCC-3 kod via topografi + morfologi + malignitetsgrad. Speciellt i VCTB finns det vissa undantagsfall som beh\u00f6ver manuell r\u00e4ttning av ICCC-3 kod eftersom SBCR anv\u00e4nder noggrannare egna koder (t.ex subgruppering av astrocytom-klass tum\u00f6rer).<\/p>\n\n\n\n<h2 class=\"wp-block-heading\">ICD-O-3 (International Classification of Diseases for Oncology)<\/h2>\n\n\n\n<p><a href=\"https:\/\/apps.who.int\/iris\/bitstream\/handle\/10665\/96612\/9789241548496_eng.pdf\" data-type=\"URL\" data-id=\"https:\/\/apps.who.int\/iris\/bitstream\/handle\/10665\/96612\/9789241548496_eng.pdf\" target=\"_blank\" rel=\"noreferrer noopener\" style=\"color: #2d68c4;\"><img decoding=\"async\" src=\"https:\/\/sbcr.se\/wp-content\/uploads\/2023\/03\/link16x16.png\"> &nbsp;ICD &#8211; O International Classification of Diseases for Oncology (Third Edition)<\/a><\/p>\n\n\n\n<h2 class=\"wp-block-heading\">ICCC-3 (International Classification of Childhood Cancer)<\/h2>\n\n\n\n<p><a href=\"https:\/\/seer.cancer.gov\/iccc\/iccc-iarc-2017.html\" data-type=\"URL\" data-id=\"https:\/\/seer.cancer.gov\/iccc\/iccc-iarc-2017.html\" target=\"_blank\" rel=\"noreferrer noopener\" style=\"color: #2d68c4;\"><img decoding=\"async\" src=\"https:\/\/sbcr.se\/wp-content\/uploads\/2023\/03\/link16x16.png\"> &nbsp;ICCC Recode Third Edition ICD-O-3\/IARC 2017<\/a><\/p>\n\n\n\n<h2 class=\"wp-block-heading\">Cancerregistret hos Socialstyrelsen<\/h2>\n\n\n\n<p><a style=\"color: #2d68c4;\" href=\"https:\/\/www.socialstyrelsen.se\/statistik-och-data\/register\/cancerregistret\/\" data-type=\"URL\" data-id=\"https:\/\/www.socialstyrelsen.se\/statistik-och-data\/register\/cancerregistret\/\" target=\"_blank\" rel=\"noreferrer noopener\"><img decoding=\"async\" src=\"https:\/\/sbcr.se\/wp-content\/uploads\/2023\/03\/link16x16.png\"> &nbsp;Cancerregistret hos Socialstyrelsen<\/a><\/p>\n\n\n\n<h2 class=\"wp-block-heading\">Kodning i cancerregistret 2024<\/h2>\n\n\n\n<p><a href=\"https:\/\/www.socialstyrelsen.se\/globalassets\/sharepoint-dokument\/artikelkatalog\/klassifikationer-och-koder\/2024-1-8918.pdf\" data-type=\"URL\" data-id=\"https:\/\/www.socialstyrelsen.se\/globalassets\/sharepoint-dokument\/artikelkatalog\/klassifikationer-och-koder\/2024-1-8918.pdf\" target=\"_blank\" rel=\"noreferrer noopener\" style=\"color: #2d68c4;\"><img decoding=\"async\" src=\"https:\/\/sbcr.se\/wp-content\/uploads\/2023\/03\/link16x16.png\"> &nbsp;Kodning i cancerregistret 2024<\/a><\/p>\n\n\n\n<h2 class=\"wp-block-heading\">Torontokriterier<\/h2>\n\n\n\n<p><a href=\"http:\/\/www.iacr.com.fr\/index.php?option=com_content&amp;view=article&amp;id=153&amp;Itemid=657\" data-type=\"URL\" data-id=\"http:\/\/www.iacr.com.fr\/index.php?option=com_content&amp;view=article&amp;id=153&amp;Itemid=657\" target=\"_blank\" rel=\"noreferrer noopener\" style=\"color: #2d68c4;\"><img decoding=\"async\" src=\"https:\/\/sbcr.se\/wp-content\/uploads\/2023\/03\/link16x16.png\"> &nbsp;Toronto Paediatric Cancer Stage Guidelines<\/a><\/p>\n\n\n\n<p><\/p>\n","protected":false},"excerpt":{"rendered":"<p>Klassifikation inom barncancer Inom barnonkologin anv\u00e4nds flera olika klassificeringssystem internationellt och i Svenska Barncancerregistret. Se beskrivningar och l\u00e4nkar nedan. Canceranm\u00e4lan g\u00f6rs idag direkt i INCA d\u00e4r Svenska Barncancerregistret har sin databas. F\u00f6r tum\u00f6rlokalisation (topografi) anv\u00e4nder kvalitetsregister i Sverige kod fr\u00e5n ICD-10 diagnoskoder. Regionala monitorer p\u00e5 RCC mappar dessa till ICD-O-3 topografikoder som Cancerregistret anv\u00e4nder.&nbsp; F\u00f6r &hellip; <\/p>\n<p class=\"link-more\"><a href=\"https:\/\/sbcr.se\/index.php\/for-vardgivare\/diagnoskod\/\" class=\"more-link\">Forts\u00e4tt l\u00e4sa<span class=\"screen-reader-text\"> \u201dDiagnoskoder och klassifikation\u201d<\/span><\/a><\/p>\n","protected":false},"author":1,"featured_media":0,"parent":4774,"menu_order":0,"comment_status":"closed","ping_status":"closed","template":"","meta":{"iawp_total_views":239,"footnotes":""},"class_list":["post-2634","page","type-page","status-publish","hentry"],"_links":{"self":[{"href":"https:\/\/sbcr.se\/index.php\/wp-json\/wp\/v2\/pages\/2634","targetHints":{"allow":["GET"]}}],"collection":[{"href":"https:\/\/sbcr.se\/index.php\/wp-json\/wp\/v2\/pages"}],"about":[{"href":"https:\/\/sbcr.se\/index.php\/wp-json\/wp\/v2\/types\/page"}],"author":[{"embeddable":true,"href":"https:\/\/sbcr.se\/index.php\/wp-json\/wp\/v2\/users\/1"}],"replies":[{"embeddable":true,"href":"https:\/\/sbcr.se\/index.php\/wp-json\/wp\/v2\/comments?post=2634"}],"version-history":[{"count":45,"href":"https:\/\/sbcr.se\/index.php\/wp-json\/wp\/v2\/pages\/2634\/revisions"}],"predecessor-version":[{"id":4573,"href":"https:\/\/sbcr.se\/index.php\/wp-json\/wp\/v2\/pages\/2634\/revisions\/4573"}],"up":[{"embeddable":true,"href":"https:\/\/sbcr.se\/index.php\/wp-json\/wp\/v2\/pages\/4774"}],"wp:attachment":[{"href":"https:\/\/sbcr.se\/index.php\/wp-json\/wp\/v2\/media?parent=2634"}],"curies":[{"name":"wp","href":"https:\/\/api.w.org\/{rel}","templated":true}]}}