{"id":2365,"date":"2023-03-16T17:00:16","date_gmt":"2023-03-16T16:00:16","guid":{"rendered":"https:\/\/sbcr.se\/?page_id=2365"},"modified":"2024-01-31T15:12:15","modified_gmt":"2024-01-31T14:12:15","slug":"serbiska-sprak","status":"publish","type":"page","link":"https:\/\/sbcr.se\/index.php\/serbiska-sprak\/","title":{"rendered":"Serbiska spr\u00e5k"},"content":{"rendered":"<button id=\"listenButton1\" class=\"responsivevoice-button\" type=\"button\" value=\"Play\" title=\"ResponsiveVoice Tap to Start\/Stop Speech\"><span>&#128266; Lyssna<\/span><\/button>\n        <script>\n            listenButton1.onclick = function(){\n                if(responsiveVoice.isPlaying()){\n                    responsiveVoice.cancel();\n                }else{\n                    responsiveVoice.speak(\"\u0421\u0440\u043f\u0441\u043a\u0438\/Serbiska Information till barn och ungdomar under 18 \u00e5r om Svenska BarncancerregistretINFORMACIJE ZA DECU I MLADE MLA\u0110E OD 18 GODINA O \u0160VEDSKOM REGISTRU KANCERA KOD DECE Information till patienter \u00f6ver 18 \u00e5r\/ v\u00e5rdnadshavare om Svenska BarncancerregistretINFORMACIJE ZA PACIJENTE MLA\u0110E OD 18 GODINA\/VR\u0160IOCE RODITELJSKOG PRAVA O \u0160VEDSKOM REGISTRU KANCERA KOD DECE Information om fortsatt rapportering av uppgifter till Svenska BarncancerregistretINFORMACIJE O NASTAVKU PODNO\u0160ENJA PODATAKA \u0160VEDSKOM REGISTRU ZA KANCER KOD DECE Patientinformation\", \"Swedish Female\");\n                }\n            };\n        <\/script>\n    \n\n\n\n<h2 class=\"wp-block-heading\"><strong>\u0421\u0440\u043f\u0441\u043a\u0438\/Serbiska<\/strong><\/h2>\n\n\n\n<ul class=\"wp-block-list\">\n<li>Information till barn och ungdomar under 18 \u00e5r om Svenska Barncancerregistret<br><a rel=\"noreferrer noopener\" href=\"https:\/\/www.cceg.ki.se\/documents\/Information%20om%20SBCR%2020191212\/serbiska\/Information%20om%20SBCR%20pat%20under%2018%20ar%202019.12.11.pdf\" target=\"_blank\" style=\"color: #2d68c4;\">INFORMACIJE ZA DECU I MLADE MLA\u0110E OD 18 GODINA O \u0160VEDSKOM REGISTRU KANCERA KOD DECE<\/a><br><br><\/li>\n\n\n\n<li>Information till patienter \u00f6ver 18 \u00e5r\/ v\u00e5rdnadshavare om Svenska Barncancerregistret<br><a rel=\"noreferrer noopener\" href=\"https:\/\/www.cceg.ki.se\/documents\/Information%20om%20SBCR%2020191212\/serbiska\/Information%20patienter-vardnadshavare%20om%20SBCR%202019.12.11.pdf\" target=\"_blank\" style=\"color: #2d68c4;\">INFORMACIJE ZA PACIJENTE MLA\u0110E OD 18 GODINA\/VR\u0160IOCE RODITELJSKOG PRAVA O \u0160VEDSKOM REGISTRU KANCERA KOD DECE<\/a><br><br><\/li>\n\n\n\n<li>Information om fortsatt rapportering av uppgifter till Svenska Barncancerregistret<br><a rel=\"noreferrer noopener\" href=\"https:\/\/www.cceg.ki.se\/documents\/Information%20om%20SBCR%2020191212\/serbiska\/Information%20fortsatt%20reg%20SBCR%20efter%2018%20ar%202019.12.11.pdf\" target=\"_blank\" style=\"color: #2d68c4;\">INFORMACIJE O NASTAVKU PODNO\u0160ENJA PODATAKA \u0160VEDSKOM REGISTRU ZA KANCER KOD DECE<\/a><br><br><\/li>\n<\/ul>\n\n\n\n<h2 class=\"wp-block-heading\"><\/h2>\n\n\n\n<div class=\"wp-block-buttons is-layout-flex wp-block-buttons-is-layout-flex\">\n<div class=\"wp-block-button is-style-outline is-style-outline--1\"><a class=\"wp-block-button__link wp-element-button\" href=\"https:\/\/sbcr.se\/index.php\/for-registrerare\/\">Patientinformation<\/a><\/div>\n<\/div>\n","protected":false},"excerpt":{"rendered":"<p>\u0421\u0440\u043f\u0441\u043a\u0438\/Serbiska<\/p>\n","protected":false},"author":1,"featured_media":0,"parent":0,"menu_order":0,"comment_status":"closed","ping_status":"closed","template":"","meta":{"iawp_total_views":5,"footnotes":""},"class_list":["post-2365","page","type-page","status-publish","hentry"],"_links":{"self":[{"href":"https:\/\/sbcr.se\/index.php\/wp-json\/wp\/v2\/pages\/2365","targetHints":{"allow":["GET"]}}],"collection":[{"href":"https:\/\/sbcr.se\/index.php\/wp-json\/wp\/v2\/pages"}],"about":[{"href":"https:\/\/sbcr.se\/index.php\/wp-json\/wp\/v2\/types\/page"}],"author":[{"embeddable":true,"href":"https:\/\/sbcr.se\/index.php\/wp-json\/wp\/v2\/users\/1"}],"replies":[{"embeddable":true,"href":"https:\/\/sbcr.se\/index.php\/wp-json\/wp\/v2\/comments?post=2365"}],"version-history":[{"count":4,"href":"https:\/\/sbcr.se\/index.php\/wp-json\/wp\/v2\/pages\/2365\/revisions"}],"predecessor-version":[{"id":3738,"href":"https:\/\/sbcr.se\/index.php\/wp-json\/wp\/v2\/pages\/2365\/revisions\/3738"}],"wp:attachment":[{"href":"https:\/\/sbcr.se\/index.php\/wp-json\/wp\/v2\/media?parent=2365"}],"curies":[{"name":"wp","href":"https:\/\/api.w.org\/{rel}","templated":true}]}}