{"id":2362,"date":"2023-03-16T16:58:49","date_gmt":"2023-03-16T15:58:49","guid":{"rendered":"https:\/\/sbcr.se\/?page_id=2362"},"modified":"2024-01-31T15:11:14","modified_gmt":"2024-01-31T14:11:14","slug":"kurmanji-sprak","status":"publish","type":"page","link":"https:\/\/sbcr.se\/index.php\/kurmanji-sprak\/","title":{"rendered":"Kurmanji spr\u00e5k"},"content":{"rendered":"<button id=\"listenButton1\" class=\"responsivevoice-button\" type=\"button\" value=\"Play\" title=\"ResponsiveVoice Tap to Start\/Stop Speech\"><span>&#128266; Lyssna<\/span><\/button>\n        <script>\n            listenButton1.onclick = function(){\n                if(responsiveVoice.isPlaying()){\n                    responsiveVoice.cancel();\n                }else{\n                    responsiveVoice.speak(\"Kurmanc\u00ee\/Kurmanji Information till barn och ungdomar under 18 \u00e5r om Svenska BarncancerregistretAGEH\u00ce BO ZAROKAN \u00db CIWAN\u00caN LI BIN 18 SALAN DERBAREY\u00ca SVENSKA BARNCANCERREGISTRET\u2019\u00ca (TOMARA SW\u00caD\u00ce YA PENCE\u015e\u00caR\u00ca BO ZAROKAN) Information till patienter \u00f6ver 18 \u00e5r\/ v\u00e5rdnadshavare om Svenska BarncancerregistretAGEH\u00ce BO NEXWE\u015e\u00caN SER greater than 18 SALAN\/BO SERPERE\u015eT\u00ca ZAROKAN DERBAREY \u00ca SVENSKA BARNCANCERREGISTRET\u2019\u00ca(TOMARA SW\u00caD\u00ce YA PENCE\u015e\u00caR\u00ca BO ZAROKAN) Information om fortsatt rapportering av uppgifter till Svenska BarncancerregistretAGEH\u00ce DERBAREY\u00ca BI BERDEWAM\u00ce RAPORKIRINA AGEHIYAN BO SVENSKA BARNCANCERREGISTRET\u2019\u00ca (TOMARA SW\u00caD\u00ce YA PENCE\u015e\u00caR\u00ca BO ZAROKAN) Patientinformation\", \"Swedish Female\");\n                }\n            };\n        <\/script>\n    \n\n\n\n<h2 class=\"wp-block-heading\"><strong>Kurmanc\u00ee\/Kurmanji<\/strong><\/h2>\n\n\n\n<ul class=\"wp-block-list\">\n<li>Information till barn och ungdomar under 18 \u00e5r om Svenska Barncancerregistret<br><a rel=\"noreferrer noopener\" href=\"https:\/\/www.cceg.ki.se\/documents\/Information%20om%20SBCR%2020191212\/kurmanji\/Information%20om%20SBCR%20pat%20under%2018%20ar%202019.12.11.pdf\" target=\"_blank\" style=\"color: #2d68c4;\">AGEH\u00ce BO ZAROKAN \u00db CIWAN\u00caN LI BIN 18 SALAN DERBAREY\u00ca SVENSKA BARNCANCERREGISTRET\u2019\u00ca (TOMARA SW\u00caD\u00ce YA PENCE\u015e\u00caR\u00ca BO ZAROKAN)<\/a><br><br><\/li>\n\n\n\n<li>Information till patienter \u00f6ver 18 \u00e5r\/ v\u00e5rdnadshavare om Svenska Barncancerregistret<br><a rel=\"noreferrer noopener\" href=\"https:\/\/www.cceg.ki.se\/documents\/Information%20om%20SBCR%2020191212\/kurmanji\/Information%20patienter-vardnadshavare%20om%20SBCR%202019.12.11.pdf\" target=\"_blank\" style=\"color: #2d68c4;\">AGEH\u00ce BO NEXWE\u015e\u00caN SER &gt; 18 SALAN\/BO SERPERE\u015eT\u00ca ZAROKAN DERBAREY \u00ca SVENSKA BARNCANCERREGISTRET\u2019\u00ca(TOMARA SW\u00caD\u00ce YA PENCE\u015e\u00caR\u00ca BO ZAROKAN)<\/a><br><br><\/li>\n\n\n\n<li>Information om fortsatt rapportering av uppgifter till Svenska Barncancerregistret<br><a rel=\"noreferrer noopener\" href=\"https:\/\/www.cceg.ki.se\/documents\/Information%20om%20SBCR%2020191212\/kurmanji\/Information%20fortsatt%20reg%20SBCR%20efter%2018%20ar%202019.12.11.pdf\" target=\"_blank\" style=\"color: #2d68c4;\">AGEH\u00ce DERBAREY\u00ca BI BERDEWAM\u00ce RAPORKIRINA AGEHIYAN BO SVENSKA BARNCANCERREGISTRET\u2019\u00ca (TOMARA SW\u00caD\u00ce YA PENCE\u015e\u00caR\u00ca BO ZAROKAN)<\/a><br><br><\/li>\n<\/ul>\n\n\n\n<h2 class=\"wp-block-heading\"><\/h2>\n\n\n\n<div class=\"wp-block-buttons is-layout-flex wp-block-buttons-is-layout-flex\">\n<div class=\"wp-block-button is-style-outline is-style-outline--1\"><a class=\"wp-block-button__link wp-element-button\" href=\"https:\/\/sbcr.se\/index.php\/for-registrerare\/\">Patientinformation<\/a><\/div>\n<\/div>\n","protected":false},"excerpt":{"rendered":"<p>Kurmanc\u00ee\/Kurmanji<\/p>\n","protected":false},"author":1,"featured_media":0,"parent":0,"menu_order":0,"comment_status":"closed","ping_status":"closed","template":"","meta":{"iawp_total_views":10,"footnotes":""},"class_list":["post-2362","page","type-page","status-publish","hentry"],"_links":{"self":[{"href":"https:\/\/sbcr.se\/index.php\/wp-json\/wp\/v2\/pages\/2362","targetHints":{"allow":["GET"]}}],"collection":[{"href":"https:\/\/sbcr.se\/index.php\/wp-json\/wp\/v2\/pages"}],"about":[{"href":"https:\/\/sbcr.se\/index.php\/wp-json\/wp\/v2\/types\/page"}],"author":[{"embeddable":true,"href":"https:\/\/sbcr.se\/index.php\/wp-json\/wp\/v2\/users\/1"}],"replies":[{"embeddable":true,"href":"https:\/\/sbcr.se\/index.php\/wp-json\/wp\/v2\/comments?post=2362"}],"version-history":[{"count":4,"href":"https:\/\/sbcr.se\/index.php\/wp-json\/wp\/v2\/pages\/2362\/revisions"}],"predecessor-version":[{"id":3736,"href":"https:\/\/sbcr.se\/index.php\/wp-json\/wp\/v2\/pages\/2362\/revisions\/3736"}],"wp:attachment":[{"href":"https:\/\/sbcr.se\/index.php\/wp-json\/wp\/v2\/media?parent=2362"}],"curies":[{"name":"wp","href":"https:\/\/api.w.org\/{rel}","templated":true}]}}