{"id":2352,"date":"2023-03-16T16:52:38","date_gmt":"2023-03-16T15:52:38","guid":{"rendered":"https:\/\/sbcr.se\/?page_id=2352"},"modified":"2024-01-31T15:09:00","modified_gmt":"2024-01-31T14:09:00","slug":"finska-sprak","status":"publish","type":"page","link":"https:\/\/sbcr.se\/index.php\/finska-sprak\/","title":{"rendered":"Finska spr\u00e5k"},"content":{"rendered":"<button id=\"listenButton1\" class=\"responsivevoice-button\" type=\"button\" value=\"Play\" title=\"ResponsiveVoice Tap to Start\/Stop Speech\"><span>&#128266; Lyssna<\/span><\/button>\n        <script>\n            listenButton1.onclick = function(){\n                if(responsiveVoice.isPlaying()){\n                    responsiveVoice.cancel();\n                }else{\n                    responsiveVoice.speak(\"Suomi\/Finska Information till barn och ungdomar under 18 \u00e5r om Svenska BarncancerregistretTIEDOTE ALLE 18\u2010VUOTIAILLE LAPSILLE JA NUORILLE RUOTSIN LASTEN SY\u00d6P\u00c4REKISTERIST\u00c4 Information till patienter \u00f6ver 18 \u00e5r\/ v\u00e5rdnadshavare om Svenska BarncancerregistretTIEDOTE POTILAILLE greater than18 VUOTTA\/HUOLTAJILLE RUOTSIN LASTEN SY\u00d6P\u00c4REKISTERIST\u00c4 Information om fortsatt rapportering av uppgifter till Svenska BarncancerregistretTIEDOTE JATKUVASTA TIETOJEN RAPORTOINNISTA RUOTSIN LASTEN SY\u00d6P\u00c4REKISTERIIN Patientinformation\", \"Swedish Female\");\n                }\n            };\n        <\/script>\n    \n\n\n\n<h2 class=\"wp-block-heading\"><strong>Suomi\/Finska<\/strong><\/h2>\n\n\n\n<ul class=\"wp-block-list\">\n<li>Information till barn och ungdomar under 18 \u00e5r om Svenska Barncancerregistret<br><a rel=\"noreferrer noopener\" href=\"https:\/\/www.cceg.ki.se\/documents\/Information%20om%20SBCR%2020191212\/finska\/Information%20om%20SBCR%20pat%20under%2018%20ar%202019.12.11.pdf\" target=\"_blank\" style=\"color: #2d68c4;\">TIEDOTE ALLE 18\u2010VUOTIAILLE LAPSILLE JA NUORILLE RUOTSIN LASTEN SY\u00d6P\u00c4REKISTERIST\u00c4<\/a><br><br><\/li>\n\n\n\n<li>Information till patienter \u00f6ver 18 \u00e5r\/ v\u00e5rdnadshavare om Svenska Barncancerregistret<br><a rel=\"noreferrer noopener\" href=\"https:\/\/www.cceg.ki.se\/documents\/Information%20om%20SBCR%2020191212\/finska\/Information%20patienter-vardnadshavare%20om%20SBCR%202019.12.11.pdf\" target=\"_blank\" style=\"color: #2d68c4;\">TIEDOTE POTILAILLE &gt;18 VUOTTA\/HUOLTAJILLE RUOTSIN LASTEN SY\u00d6P\u00c4REKISTERIST\u00c4<\/a><br><br><\/li>\n\n\n\n<li>Information om fortsatt rapportering av uppgifter till Svenska Barncancerregistret<br><a rel=\"noreferrer noopener\" href=\"https:\/\/www.cceg.ki.se\/documents\/Information%20om%20SBCR%2020191212\/finska\/Information%20fortsatt%20reg%20SBCR%20efter%2018%20ar%202019.12.11.pdf\" target=\"_blank\" style=\"color: #2d68c4;\">TIEDOTE JATKUVASTA TIETOJEN RAPORTOINNISTA RUOTSIN LASTEN SY\u00d6P\u00c4REKISTERIIN<\/a><br><br><\/li>\n<\/ul>\n\n\n\n<h2 class=\"wp-block-heading\"><\/h2>\n\n\n\n<div class=\"wp-block-buttons is-layout-flex wp-block-buttons-is-layout-flex\">\n<div class=\"wp-block-button is-style-outline is-style-outline--1\"><a class=\"wp-block-button__link wp-element-button\" href=\"https:\/\/sbcr.se\/index.php\/for-registrerare\/\">Patientinformation<\/a><\/div>\n<\/div>\n","protected":false},"excerpt":{"rendered":"<p>Suomi\/Finska<\/p>\n","protected":false},"author":1,"featured_media":0,"parent":0,"menu_order":0,"comment_status":"closed","ping_status":"closed","template":"","meta":{"iawp_total_views":7,"footnotes":""},"class_list":["post-2352","page","type-page","status-publish","hentry"],"_links":{"self":[{"href":"https:\/\/sbcr.se\/index.php\/wp-json\/wp\/v2\/pages\/2352","targetHints":{"allow":["GET"]}}],"collection":[{"href":"https:\/\/sbcr.se\/index.php\/wp-json\/wp\/v2\/pages"}],"about":[{"href":"https:\/\/sbcr.se\/index.php\/wp-json\/wp\/v2\/types\/page"}],"author":[{"embeddable":true,"href":"https:\/\/sbcr.se\/index.php\/wp-json\/wp\/v2\/users\/1"}],"replies":[{"embeddable":true,"href":"https:\/\/sbcr.se\/index.php\/wp-json\/wp\/v2\/comments?post=2352"}],"version-history":[{"count":5,"href":"https:\/\/sbcr.se\/index.php\/wp-json\/wp\/v2\/pages\/2352\/revisions"}],"predecessor-version":[{"id":4190,"href":"https:\/\/sbcr.se\/index.php\/wp-json\/wp\/v2\/pages\/2352\/revisions\/4190"}],"wp:attachment":[{"href":"https:\/\/sbcr.se\/index.php\/wp-json\/wp\/v2\/media?parent=2352"}],"curies":[{"name":"wp","href":"https:\/\/api.w.org\/{rel}","templated":true}]}}