{"id":179,"date":"2019-02-07T14:07:41","date_gmt":"2019-02-07T14:07:41","guid":{"rendered":"http:\/\/child3.ki.se\/wordpress\/?page_id=179"},"modified":"2026-02-25T13:57:14","modified_gmt":"2026-02-25T12:57:14","slug":"rapporter","status":"publish","type":"page","link":"https:\/\/sbcr.se\/index.php\/rapporter\/","title":{"rendered":"\u00c5rsrapporter och publikationer"},"content":{"rendered":"<button id=\"listenButton1\" class=\"responsivevoice-button\" type=\"button\" value=\"Play\" title=\"ResponsiveVoice Tap to Start\/Stop Speech\"><span>&#128266; Lyssna<\/span><\/button>\n        <script>\n            listenButton1.onclick = function(){\n                if(responsiveVoice.isPlaying()){\n                    responsiveVoice.cancel();\n                }else{\n                    responsiveVoice.speak(\"\u00c5rsrapporter, publikationer och dokument H\u00e4r finns Svenska Barncancerregistrets \u00e5rsrapporter till Sveriges Kommuner och Regioner, SKR samt publikationer och andra rapporter skapade genom \u00e5ren. Patientinformation Patientinformation \u00c5rsrapporter SBCR \u00e5rsrapport 2024 Vetenskapliga publikationer SBCR vetenskapliga publikationer 2023 SBCR tidigare \u00e5rs vetenskapliga publikationer Dokument Styrdokument SBCR CPUA godk\u00e4nt 2024 Information om hur du beg\u00e4r tillg\u00e5ng till dina uppgifter Forskning: Ans\u00f6kan om registeruppgifter fr\u00e5n kvalitetsregister Manualer Registermanualer INCA, RCC Nationellt v\u00e5rdprogram Nationellt v\u00e5rdprogram l\u00e5ngtidsuppf\u00f6ljning efter barncancer Nationellt v\u00e5rdprogram cancerrehabilitering f\u00f6r barn och ungdom Rapporter Childhood cancer incidence and survival in Sweden 1984-2010 (Report 2013)\", \"Swedish Female\");\n                }\n            };\n        <\/script>\n    \n\n\n\n<p><\/p>\n\n\n\n<h2 class=\"wp-block-heading\">\u00c5rsrapporter, publikationer och dokument<\/h2>\n\n\n\n<p><span style=\"font-size: 18px; \">H\u00e4r finns Svenska Barncancerregistrets \u00e5rsrapporter till Sveriges Kommuner och Regioner, SKR samt publikationer och andra rapporter skapade genom \u00e5ren.<\/span><\/p>\n\n\n\n<h2 class=\"wp-block-heading\">Patientinformation<\/h2>\n\n\n\n<div class=\"wp-block-buttons is-layout-flex wp-block-buttons-is-layout-flex\">\n<div class=\"wp-block-button is-style-outline is-style-outline--1\"><a class=\"wp-block-button__link wp-element-button\" href=\"https:\/\/sbcr.se\/index.php\/for-registrerare\/\">Patientinformation<\/a><\/div>\n<\/div>\n\n\n\n<p><br><\/p>\n\n\n\n<div class=\"wp-block-columns is-layout-flex wp-container-core-columns-is-layout-9d6595d7 wp-block-columns-is-layout-flex\">\n<div class=\"wp-block-column is-layout-flow wp-block-column-is-layout-flow\">\n<h2 class=\"wp-block-heading\">\u00c5rsrapporter<\/h2>\n\n\n\n<p><a style=\"color: #2d68c4;\" rel=\"noreferrer noopener\" href=\"https:\/\/cceg.ki.se\/documents\/Arsrapport_SBCR_2024.pdf\" target=\"_blank\">SBCR \u00e5rsrapport 2024<\/a><\/p>\n<\/div>\n\n\n\n<div class=\"wp-block-column is-layout-flow wp-block-column-is-layout-flow\">\n<h2 class=\"wp-block-heading\">Vetenskapliga publikationer<\/h2>\n\n\n\n<p><a rel=\"noreferrer noopener\" style=\"color: #2d68c4;\" href=\"https:\/\/cceg.ki.se\/documents\/Publikationer_2023.pdf\" target=\"_blank\">SBCR vetenskapliga publikationer 2023<\/a><\/p>\n\n\n\n<p><a style=\"color: #2d68c4;\" href=\"https:\/\/sbcr.se\/index.php\/rapporter\/tidigares-vetenskapliga-publikationer\/\">SBCR tidigare \u00e5rs vetenskapliga publikationer<\/a><\/p>\n<\/div>\n<\/div>\n\n\n\n<h2 class=\"wp-block-heading\">Dokument<\/h2>\n\n\n\n<p><a style=\"color: #2d68c4;\" href=\"https:\/\/cceg.ki.se\/documents\/Styrdokument_SBCR_2024.pdf\" target=\"_blank\" rel=\"noreferrer noopener\">Styrdokument SBCR CPUA godk\u00e4nt 2024<\/a><\/p>\n\n\n\n<p><a rel=\"noreferrer noopener\" style=\"color: #2d68c4;\" href=\"https:\/\/cceg.ki.se\/documents\/Information_kontakt_SBCR.pdf\" target=\"_blank\">Information om hur du beg\u00e4r tillg\u00e5ng till dina uppgifter<\/a><\/p>\n\n\n\n<p><a rel=\"noreferrer noopener\" style=\"color: #2d68c4;\" href=\"https:\/\/cceg.ki.se\/documents\/Ansokan_om_registeruppgifter_fran_kvalitetsregister_forskning_SBCR_12Feb2026.pdf\" target=\"_blank\">Forskning: Ans\u00f6kan om registeruppgifter fr\u00e5n kvalitetsregister<\/a><br><br><\/p>\n\n\n\n<h2 class=\"wp-block-heading\">Manualer<\/h2>\n\n\n\n<p><a rel=\"noreferrer noopener\" style=\"color: #2d68c4;\" href=\"https:\/\/cancercentrum.se\/diagnosbehandling\/cancerdiagnoser\/barncancer\/kvalitetsregister.7366.html\" target=\"_blank\"><img decoding=\"async\" src=\"https:\/\/sbcr.se\/wp-content\/uploads\/2023\/03\/link16x16.png\">&nbsp;&nbsp;Registermanualer INCA, RCC<\/a><br><br><\/p>\n\n\n\n<h2 class=\"wp-block-heading\">Nationellt v\u00e5rdprogram<\/h2>\n\n\n\n<p><a style=\"color: #2d68c4;\" href=\"https:\/\/kunskapsbanken.cancercentrum.se\/diagnoser\/langtidsuppfoljning-efter-barncancer\/vardprogram\/\" data-type=\"URL\" data-id=\"https:\/\/kunskapsbanken.cancercentrum.se\/diagnoser\/langtidsuppfoljning-efter-barncancer\/vardprogram\/\" target=\"_blank\" rel=\"noreferrer noopener\"><img decoding=\"async\" src=\"https:\/\/sbcr.se\/wp-content\/uploads\/2023\/03\/link16x16.png\"> &nbsp;Nationellt v\u00e5rdprogram l\u00e5ngtidsuppf\u00f6ljning efter barncancer<\/a><br><br><a style=\"color: #2d68c4;\" href=\"https:\/\/kunskapsbanken.cancercentrum.se\/diagnoser\/cancerrehabilitering-for-barn-och-ungdom\/vardprogram\/\" data-type=\"URL\" data-id=\"https:\/\/kunskapsbanken.cancercentrum.se\/diagnoser\/cancerrehabilitering-for-barn-och-ungdom\/vardprogram\/\" target=\"_blank\" rel=\"noreferrer noopener\"><img decoding=\"async\" src=\"https:\/\/sbcr.se\/wp-content\/uploads\/2023\/03\/link16x16.png\"> &nbsp;Nationellt v\u00e5rdprogram cancerrehabilitering f\u00f6r barn och ungdom<\/a><\/p>\n\n\n\n<p><br><\/p>\n\n\n\n<h2 class=\"wp-block-heading\" id=\"mce_3\">Rapporter<\/h2>\n\n\n\n<p><a rel=\"noreferrer noopener\" style=\"color: #2d68c4;\" href=\"https:\/\/cceg.ki.se\/documents\/ChildhoodCancerIncidenceandSurvivalinSweden1984_2010.pdf\" target=\"_blank\">Childhood cancer incidence and survival in Sweden 1984-2010 (Report 2013)<\/a><\/p>\n\n\n\n<p><\/p>\n\n\n\n<p><\/p>\n\n\n\n<p><\/p>\n","protected":false},"excerpt":{"rendered":"<p>\u00c5rsrapporter, publikationer och dokument H\u00e4r finns Svenska Barncancerregistrets \u00e5rsrapporter till Sveriges Kommuner och Regioner, SKR samt publikationer och andra rapporter skapade genom \u00e5ren. Patientinformation \u00c5rsrapporter SBCR \u00e5rsrapport 2024 Vetenskapliga publikationer SBCR vetenskapliga publikationer 2023 SBCR tidigare \u00e5rs vetenskapliga publikationer Dokument Styrdokument SBCR CPUA godk\u00e4nt 2024 Information om hur du beg\u00e4r tillg\u00e5ng till dina uppgifter Forskning: &hellip; <\/p>\n<p class=\"link-more\"><a href=\"https:\/\/sbcr.se\/index.php\/rapporter\/\" class=\"more-link\">Forts\u00e4tt l\u00e4sa<span class=\"screen-reader-text\"> \u201d\u00c5rsrapporter och publikationer\u201d<\/span><\/a><\/p>\n","protected":false},"author":1,"featured_media":0,"parent":0,"menu_order":0,"comment_status":"closed","ping_status":"closed","template":"","meta":{"iawp_total_views":1467,"footnotes":""},"class_list":["post-179","page","type-page","status-publish","hentry"],"_links":{"self":[{"href":"https:\/\/sbcr.se\/index.php\/wp-json\/wp\/v2\/pages\/179","targetHints":{"allow":["GET"]}}],"collection":[{"href":"https:\/\/sbcr.se\/index.php\/wp-json\/wp\/v2\/pages"}],"about":[{"href":"https:\/\/sbcr.se\/index.php\/wp-json\/wp\/v2\/types\/page"}],"author":[{"embeddable":true,"href":"https:\/\/sbcr.se\/index.php\/wp-json\/wp\/v2\/users\/1"}],"replies":[{"embeddable":true,"href":"https:\/\/sbcr.se\/index.php\/wp-json\/wp\/v2\/comments?post=179"}],"version-history":[{"count":116,"href":"https:\/\/sbcr.se\/index.php\/wp-json\/wp\/v2\/pages\/179\/revisions"}],"predecessor-version":[{"id":5099,"href":"https:\/\/sbcr.se\/index.php\/wp-json\/wp\/v2\/pages\/179\/revisions\/5099"}],"wp:attachment":[{"href":"https:\/\/sbcr.se\/index.php\/wp-json\/wp\/v2\/media?parent=179"}],"curies":[{"name":"wp","href":"https:\/\/api.w.org\/{rel}","templated":true}]}}